{"id":7,"date":"2017-05-08T10:49:49","date_gmt":"2017-05-08T10:49:49","guid":{"rendered":"http:\/\/ferienwohnung-in-buedingen.de\/?page_id=7"},"modified":"2022-12-22T18:13:12","modified_gmt":"2022-12-22T18:13:12","slug":"preise","status":"publish","type":"page","link":"https:\/\/ferienwohnung-in-buedingen.de\/en\/preise","title":{"rendered":"Preise"},"content":{"rendered":"<p><\/p>\n<h4><span style=\"font-family: arial,helvetica,sans-serif; color: #000000; font-size: 12pt;\"><strong>Preise f\u00fcr alle unsere Ferienwohnungen in B\u00fcdingen (Wohnung 1 bis 3):<\/strong><\/span><\/h4>\n<ul>\n<li><span style=\"font-family: arial,helvetica,sans-serif; color: #000000; font-size: 12pt;\">Grundpreis: 45 \u20ac pro Nacht bei einer Belegung mit 1 Person<\/span><\/li>\n<li><span style=\"font-family: arial,helvetica,sans-serif; color: #000000; font-size: 12pt;\">Jede weitere Person: plus 15 \u20ac pro Nacht<\/span><\/li>\n<li><span style=\"font-family: arial,helvetica,sans-serif; color: #000000; font-size: 12pt;\">Endreinigungspauschale: 35 \u20ac<\/span><\/li>\n<li><span style=\"font-family: arial,helvetica,sans-serif; color: #000000; font-size: 12pt;\">Zu besonderen Zeiten wie Weihnachten, Ostern und lange Feiertags-Wochenenden berechnen wir pro Nacht 15 \u20ac Aufpreis. Zur Landpartie, Silvester und zum Mittelalterfest berechnen wir pauschal 99 \u20ac pro Nacht f\u00fcr 1 bis 4 Personen.<br \/>\n<\/span><\/li>\n<\/ul>\n<p><span style=\"color: #000000; font-family: arial,helvetica,sans-serif;\">Bei Buchungen unter drei N\u00e4chten berechnen wir 10 \u20ac\/Nacht Aufpreis.<\/span><\/p>\n<p><span style=\"font-family: arial,helvetica,sans-serif; color: #000000; font-size: 12pt;\">Zusatzoptionen (freiwillig):<\/span><\/p>\n<ul>\n<li><span style=\"font-family: arial,helvetica,sans-serif; color: #000000; font-size: 12pt;\">Bettw\u00e4sche (Bezug und Laken): pro Garnitur 3,50 \u20ac<\/span><\/li>\n<li><span style=\"font-family: arial,helvetica,sans-serif; color: #000000; font-size: 12pt;\">Handtuch: 1,50 \u20ac<\/span><\/li>\n<li><span style=\"font-family: arial,helvetica,sans-serif; color: #000000; font-size: 12pt;\">Badehandtuch: 2 \u20ac<\/span><\/li>\n<li><span style=\"font-family: arial,helvetica,sans-serif; color: #000000; font-size: 12pt;\">W-LAN: 2,50 \u20ac pro Tag<\/span><\/li>\n<li><span style=\"font-family: arial,helvetica,sans-serif; color: #000000; font-size: 12pt;\">Waschmaschinennutzung: 3 \u20ac je F\u00fcllung<\/span><\/li>\n<li><span style=\"font-family: arial,helvetica,sans-serif; color: #000000; font-size: 12pt;\">Kinderreisebett: 8 \u20ac<\/span><\/li>\n<li><span style=\"font-family: arial,helvetica,sans-serif; color: #000000; font-size: 12pt;\">Kinderhochstuhl: 3 \u20ac<\/span><\/li>\n<\/ul>\n<h4><span style=\"font-family: arial,helvetica,sans-serif; color: #000000; font-size: 12pt;\"><strong>Preise f\u00fcr unsere Ferienwohnung in Bad Kissingen (Wohnung 4):<\/strong><\/span><\/h4>\n<ul>\n<li><span style=\"font-family: arial,helvetica,sans-serif; color: #000000; font-size: 12pt;\">Grundpreis: 59 \u20ac pro Nacht bei einer Belegung mit bis zu 2 Personen<\/span><\/li>\n<li><span style=\"font-family: arial,helvetica,sans-serif; color: #000000; font-size: 12pt;\">Je weitere Person: plus 15 \u20ac pro Nacht<\/span><\/li>\n<li><span style=\"font-family: arial,helvetica,sans-serif; color: #000000; font-size: 12pt;\">Endreinigungspauschale: 50 \u20ac<\/span><\/li>\n<li><span style=\"font-family: arial,helvetica,sans-serif; color: #000000; font-size: 12pt;\">Die Kurverwaltung Bad Kissingen erhebt zudem eine Kurtaxe f\u00fcr Vollj\u00e4hrige von 1,75 (Dienstreisende) bis 3,50 \u20ac pro Nacht<\/span><\/li>\n<li><span style=\"font-family: arial,helvetica,sans-serif; color: #000000; font-size: 12pt;\">Zu besonderen Zeiten wie Weihnachten, Silvester, Ostern, lange Feiertags-Wochenenden berechnen wir pro Nacht 15 \u20ac Aufpreis.<\/span><\/li>\n<\/ul>\n<p><span style=\"font-family: arial,helvetica,sans-serif; color: #000000; font-size: 12pt;\">Zusatzoptionen (freiwillig):<\/span><\/p>\n<ul>\n<li><span style=\"font-family: arial,helvetica,sans-serif; color: #000000; font-size: 12pt;\">Bettw\u00e4sche (Bezug und Laken): pro Garnitur 3 \u20ac<\/span><\/li>\n<li><span style=\"font-family: arial,helvetica,sans-serif; color: #000000; font-size: 12pt;\">Handtuch: 2 \u20ac<\/span><\/li>\n<li><span style=\"font-family: arial,helvetica,sans-serif; color: #000000; font-size: 12pt;\">W-LAN: 2 \u20ac pro Tag<\/span><\/li>\n<li><span style=\"font-family: arial,helvetica,sans-serif; color: #000000; font-size: 12pt;\">Waschmaschinennutzung: 3 \u20ac je F\u00fcllung<\/span><\/li>\n<\/ul>\n<p><span style=\"color: #000000; font-family: arial,helvetica,sans-serif;\">Bei Buchungen unter drei N\u00e4chten berechnen wir 10 \u20ac\/Nacht Aufpreis. Falls Sie ein Haustier mitbringen (nur nach Absprache m\u00f6glich) berechnen wir f\u00fcr dieses den gleichen Preis wie f\u00fcr eine weitere Person.<\/span><\/p>\n<p><span style=\"font-family: verdana,geneva,sans-serif; color: #000000; font-size: 12pt;\"><span style=\"font-family: arial,helvetica,sans-serif;\">Wichtige Information:<\/span><br \/>\n<\/span><span style=\"font-family: arial,helvetica,sans-serif; color: #000000;\">Die Kurverwaltung Bad Kissingen erhebt f\u00fcr \u00dcbernachtungsg\u00e4ste ab 18 Jahren eine <strong>Kurtaxe<\/strong>:<\/span><br \/>\n<span style=\"font-family: arial,helvetica,sans-serif; color: #000000;\"> Privatgast ab 18 Jahren: 3,50 Euro (Minderj\u00e4hrige sind gratis).<\/span><br \/>\n<span style=\"font-family: arial,helvetica,sans-serif; color: #000000;\"> Tagungsgast oder Gast mit berufsbedingtem Aufenthalt: 1,75 Euro (Nachweis erforderlich).<\/span><br \/>\n<span style=\"font-family: arial,helvetica,sans-serif; color: #000000;\"> Privatgast mit Schwerbehindertenausweis 3,00 Euro (Nachweis mind. 50 % erforderlich. Bei Eintrag von \u201cB\u201d ist eine Begleitperson frei).<\/span><br \/>\n<span style=\"font-family: arial,helvetica,sans-serif; color: #000000;\"> Den Betrag f\u00fcr die Kurtaxe zahlen Sie bitte bar bei Anreise.<\/span><br \/>\n<span style=\"font-family: arial,helvetica,sans-serif; color: #000000;\"> Alle G\u00e4ste bekommen gleich bei Anreise eine pers\u00f6nliche <a style=\"color: #000000;\" href=\"https:\/\/www.badkissingen.de\/de\/tourismus-kurort-bayern\/service\/subdir5\/index.html\">Gastkarte<\/a> ausgestellt, mit der sie viele Leistungen kostenfrei oder erm\u00e4\u00dfigt erhalten. <\/span><\/p>\n<p><span style=\"font-family: arial,helvetica,sans-serif;\"><a href=\"http:\/\/ferienwohnung-in-buedingen.de\/wohnung-1-2\">Wohnung1<\/a>\u00a0\u00a0 <a href=\"http:\/\/ferienwohnung-in-buedingen.de\/wohnung-2\">Wohnung2<\/a>\u00a0\u00a0 <a href=\"http:\/\/ferienwohnung-in-buedingen.de\/wohnung-3\">Wohnung3<\/a>\u00a0\u00a0 <a href=\"http:\/\/ferienwohnung-in-buedingen.de\/bad-kissingen\">Wohnung4<\/a>\u00a0\u00a0 <a href=\"http:\/\/ferienwohnung-in-buedingen.de\/kontakt\">Kontakt<\/a>\u00a0\u00a0 <a href=\"http:\/\/ferienwohnung-in-buedingen.de\/preise\">Preise<\/a> \u00a0 <a href=\"http:\/\/ferienwohnung-in-buedingen.de\/buedingen\">B\u00fcdingen<\/a> \u00a0 <a href=\"http:\/\/ferienwohnung-in-buedingen.de\/wohnung-1\">Villa am Schlosspark<\/a>\u00a0\u00a0 <a href=\"http:\/\/ferienwohnung-in-buedingen.de\/\">Startseite<\/a><\/span><\/p>","protected":false},"excerpt":{"rendered":"<p>Preise f\u00fcr alle unsere Ferienwohnungen in B\u00fcdingen (Wohnung 1 bis 3): Grundpreis: 45 \u20ac pro Nacht bei einer Belegung mit 1 Person [&hellip;]<\/p>\n","protected":false},"author":1,"featured_media":0,"parent":0,"menu_order":0,"comment_status":"closed","ping_status":"closed","template":"","meta":{"footnotes":""},"class_list":["post-7","page","type-page","status-publish","hentry"],"aioseo_notices":[],"yoast_head":"<!-- This site is optimized with the Yoast SEO plugin v19.9 - https:\/\/yoast.com\/wordpress\/plugins\/seo\/ -->\n<title>Preise<\/title>\n<meta name=\"description\" content=\"Preise Grundpreis: 60 \u20ac pro Nacht bei einer Belegung mit 2 Personen. Jede weitere Person: plus 15 \u20ac pro Nacht Endreinigungspauschale: 45 \u20ac\" \/>\n<meta name=\"robots\" content=\"index, follow, max-snippet:-1, max-image-preview:large, max-video-preview:-1\" \/>\n<link rel=\"canonical\" href=\"https:\/\/ferienwohnung-in-buedingen.de\/en\/preise\" \/>\n<meta property=\"og:locale\" content=\"en_US\" \/>\n<meta property=\"og:type\" content=\"article\" \/>\n<meta property=\"og:title\" content=\"Preise\" \/>\n<meta property=\"og:description\" content=\"Preise Grundpreis: 60 \u20ac pro Nacht bei einer Belegung mit 2 Personen. Jede weitere Person: plus 15 \u20ac pro Nacht Endreinigungspauschale: 45 \u20ac\" \/>\n<meta property=\"og:url\" content=\"https:\/\/ferienwohnung-in-buedingen.de\/en\/preise\" \/>\n<meta property=\"og:site_name\" content=\"(Deutsch) Ferienwohnungen in B\u00fcdingen\" \/>\n<meta property=\"article:modified_time\" content=\"2022-12-22T18:13:12+00:00\" \/>\n<meta name=\"twitter:card\" content=\"summary_large_image\" \/>\n<meta name=\"twitter:label1\" content=\"Est. reading time\" \/>\n\t<meta name=\"twitter:data1\" content=\"3 minutes\" \/>\n<script type=\"application\/ld+json\" class=\"yoast-schema-graph\">{\"@context\":\"https:\/\/schema.org\",\"@graph\":[{\"@type\":\"WebPage\",\"@id\":\"https:\/\/ferienwohnung-in-buedingen.de\/en\/preise\",\"url\":\"https:\/\/ferienwohnung-in-buedingen.de\/en\/preise\",\"name\":\"Preise\",\"isPartOf\":{\"@id\":\"https:\/\/ferienwohnung-in-buedingen.de\/#website\"},\"datePublished\":\"2017-05-08T10:49:49+00:00\",\"dateModified\":\"2022-12-22T18:13:12+00:00\",\"description\":\"Preise Grundpreis: 60 \u20ac pro Nacht bei einer Belegung mit 2 Personen. Jede weitere Person: plus 15 \u20ac pro Nacht Endreinigungspauschale: 45 \u20ac\",\"breadcrumb\":{\"@id\":\"https:\/\/ferienwohnung-in-buedingen.de\/en\/preise#breadcrumb\"},\"inLanguage\":\"en-US\",\"potentialAction\":[{\"@type\":\"ReadAction\",\"target\":[\"https:\/\/ferienwohnung-in-buedingen.de\/en\/preise\"]}]},{\"@type\":\"BreadcrumbList\",\"@id\":\"https:\/\/ferienwohnung-in-buedingen.de\/en\/preise#breadcrumb\",\"itemListElement\":[{\"@type\":\"ListItem\",\"position\":1,\"name\":\"Startseite\",\"item\":\"https:\/\/ferienwohnung-in-buedingen.de\/\"},{\"@type\":\"ListItem\",\"position\":2,\"name\":\"Preise\"}]},{\"@type\":\"WebSite\",\"@id\":\"https:\/\/ferienwohnung-in-buedingen.de\/#website\",\"url\":\"https:\/\/ferienwohnung-in-buedingen.de\/\",\"name\":\"(Deutsch) Ferienwohnungen in B\u00fcdingen\",\"description\":\"(Deutsch) 3 Wohnungen in gehobener Ausstattung mitten in der Stadt B\u00fcdingen: Wohnen am Schlosspark und Ambiente Mediterran\",\"potentialAction\":[{\"@type\":\"SearchAction\",\"target\":{\"@type\":\"EntryPoint\",\"urlTemplate\":\"https:\/\/ferienwohnung-in-buedingen.de\/?s={search_term_string}\"},\"query-input\":\"required name=search_term_string\"}],\"inLanguage\":\"en-US\"}]}<\/script>\n<!-- \/ Yoast SEO plugin. -->","yoast_head_json":{"title":"Preise","description":"Preise Grundpreis: 60 \u20ac pro Nacht bei einer Belegung mit 2 Personen. Jede weitere Person: plus 15 \u20ac pro Nacht Endreinigungspauschale: 45 \u20ac","robots":{"index":"index","follow":"follow","max-snippet":"max-snippet:-1","max-image-preview":"max-image-preview:large","max-video-preview":"max-video-preview:-1"},"canonical":"https:\/\/ferienwohnung-in-buedingen.de\/en\/preise","og_locale":"en_US","og_type":"article","og_title":"Preise","og_description":"Preise Grundpreis: 60 \u20ac pro Nacht bei einer Belegung mit 2 Personen. Jede weitere Person: plus 15 \u20ac pro Nacht Endreinigungspauschale: 45 \u20ac","og_url":"https:\/\/ferienwohnung-in-buedingen.de\/en\/preise","og_site_name":"(Deutsch) Ferienwohnungen in B\u00fcdingen","article_modified_time":"2022-12-22T18:13:12+00:00","twitter_card":"summary_large_image","twitter_misc":{"Est. reading time":"3 minutes"},"schema":{"@context":"https:\/\/schema.org","@graph":[{"@type":"WebPage","@id":"https:\/\/ferienwohnung-in-buedingen.de\/en\/preise","url":"https:\/\/ferienwohnung-in-buedingen.de\/en\/preise","name":"Preise","isPartOf":{"@id":"https:\/\/ferienwohnung-in-buedingen.de\/#website"},"datePublished":"2017-05-08T10:49:49+00:00","dateModified":"2022-12-22T18:13:12+00:00","description":"Preise Grundpreis: 60 \u20ac pro Nacht bei einer Belegung mit 2 Personen. Jede weitere Person: plus 15 \u20ac pro Nacht Endreinigungspauschale: 45 \u20ac","breadcrumb":{"@id":"https:\/\/ferienwohnung-in-buedingen.de\/en\/preise#breadcrumb"},"inLanguage":"en-US","potentialAction":[{"@type":"ReadAction","target":["https:\/\/ferienwohnung-in-buedingen.de\/en\/preise"]}]},{"@type":"BreadcrumbList","@id":"https:\/\/ferienwohnung-in-buedingen.de\/en\/preise#breadcrumb","itemListElement":[{"@type":"ListItem","position":1,"name":"Startseite","item":"https:\/\/ferienwohnung-in-buedingen.de\/"},{"@type":"ListItem","position":2,"name":"Preise"}]},{"@type":"WebSite","@id":"https:\/\/ferienwohnung-in-buedingen.de\/#website","url":"https:\/\/ferienwohnung-in-buedingen.de\/","name":"(Deutsch) Ferienwohnungen in B\u00fcdingen","description":"(Deutsch) 3 Wohnungen in gehobener Ausstattung mitten in der Stadt B\u00fcdingen: Wohnen am Schlosspark und Ambiente Mediterran","potentialAction":[{"@type":"SearchAction","target":{"@type":"EntryPoint","urlTemplate":"https:\/\/ferienwohnung-in-buedingen.de\/?s={search_term_string}"},"query-input":"required name=search_term_string"}],"inLanguage":"en-US"}]}},"_links":{"self":[{"href":"https:\/\/ferienwohnung-in-buedingen.de\/en\/wp-json\/wp\/v2\/pages\/7","targetHints":{"allow":["GET"]}}],"collection":[{"href":"https:\/\/ferienwohnung-in-buedingen.de\/en\/wp-json\/wp\/v2\/pages"}],"about":[{"href":"https:\/\/ferienwohnung-in-buedingen.de\/en\/wp-json\/wp\/v2\/types\/page"}],"author":[{"embeddable":true,"href":"https:\/\/ferienwohnung-in-buedingen.de\/en\/wp-json\/wp\/v2\/users\/1"}],"replies":[{"embeddable":true,"href":"https:\/\/ferienwohnung-in-buedingen.de\/en\/wp-json\/wp\/v2\/comments?post=7"}],"version-history":[{"count":43,"href":"https:\/\/ferienwohnung-in-buedingen.de\/en\/wp-json\/wp\/v2\/pages\/7\/revisions"}],"predecessor-version":[{"id":650,"href":"https:\/\/ferienwohnung-in-buedingen.de\/en\/wp-json\/wp\/v2\/pages\/7\/revisions\/650"}],"wp:attachment":[{"href":"https:\/\/ferienwohnung-in-buedingen.de\/en\/wp-json\/wp\/v2\/media?parent=7"}],"curies":[{"name":"wp","href":"https:\/\/api.w.org\/{rel}","templated":true}]}}