{"id":517,"date":"2017-05-19T22:34:21","date_gmt":"2017-05-19T22:34:21","guid":{"rendered":"http:\/\/ferienwohnung-in-buedingen.de\/?page_id=517"},"modified":"2019-06-16T11:21:11","modified_gmt":"2019-06-16T11:21:11","slug":"anfahrt","status":"publish","type":"page","link":"https:\/\/ferienwohnung-in-buedingen.de\/en\/anfahrt","title":{"rendered":"Anfahrt"},"content":{"rendered":"<p><strong><span style=\"font-family: verdana,geneva,sans-serif;\">B\u00fcdingen:<br \/>\n<\/span><\/strong><span style=\"font-family: verdana,geneva,sans-serif;\">Der Bahnhof liegt auf der Strecke Gie\u00dfen-Gelnhausen (mit Anschluss nach Frankfurt) und ist etwa 1,2 km von der Ferienwohnung Am Schlosspark und Ambiente Mediterran entfernt. Abholung auf Wunsch gegen Aufpreis m\u00f6glich!<\/span><br \/>\n<span style=\"font-family: verdana,geneva,sans-serif;\">Mit dem Auto erreichen Sie B\u00fcdingen \u00fcber die A45 (Abfahrt Altenstadt) oder \u00fcber die A66 (Abfahrt Gr\u00fcndau). Klicken Sie <a href=\"https:\/\/www.google.de\/maps\">hier<\/a>, um die Route zu berechnen. <\/span><br \/>\n<span style=\"font-family: verdana,geneva,sans-serif;\">Zu den Wohnungen &#8220;Am Schlosspark&#8221; halten Sie sich Richtung Altstadt\/Schloss und fahren bis zur Stra\u00dfe \u201cAm Hain\u201d Hausnr. 10. Parken ist an der Stra\u00dfe vor dem Haus m\u00f6glich. <\/span><br \/>\n<span style=\"font-family: verdana,geneva,sans-serif;\">Zur Wohnung \u201cAmbiente Mediterran\u201d fahren Sie von der A66 kommend nach Passieren des Ortseingangs im Kreisverkehr links (2. Ausfahrt) und dann nach dem 3. Haus links in die Hofeinfahrt (Parkplatz Nr. 11). Oder von der A45 kommend am Kreisverkehr rechts (2. Ausfahrt), dann an 2 Ampeln geradeaus und im Kreisverkehr gleich wieder rechts (1. Ausfahrt). Schlie\u00dflich nach dem 3. Haus links in die Hofeinfahrt (Parkplatz Nr. 11).<\/span><br \/>\n<span style=\"font-family: verdana,geneva,sans-serif;\">Der Flughafen Frankfurt liegt ca. 45 Autominuten entfernt.<\/span><br \/>\n<span style=\"font-family: verdana,geneva,sans-serif;\">Weitere Hinweise bei <a href=\"https:\/\/www.google.de\/maps\">google maps<\/a> und <a href=\"https:\/\/www.bahn.de\">Deutsche Bahn<\/a><\/span><\/p>\n<p><span style=\"font-family: verdana,geneva,sans-serif;\"><strong>Bad Kissingen<\/strong>:<br \/>\n<\/span><span style=\"font-family: verdana,geneva,sans-serif;\">Es gibt eine gute Anbindung an den \u00f6ffentlichen Personennahverkehr. Eine Bushaltestelle befindet sich in unmittelbarer N\u00e4he. <\/span><br \/>\n<span style=\"font-family: verdana,geneva,sans-serif;\"> F\u00fcr G\u00e4ste mit PKW: F\u00fcr Sie steht der private Parkplatz Nr. 8 zur Verf\u00fcgung. Zudem gibt es einige Besucherparkpl\u00e4tze direkt vor dem Haus.<\/span><\/p>\n<p><span style=\"font-family: arial,helvetica,sans-serif;\"><a href=\"http:\/\/ferienwohnung-in-buedingen.de\/wohnung-1-2\">Wohnung1<\/a>\u00a0\u00a0 <a href=\"http:\/\/ferienwohnung-in-buedingen.de\/wohnung-2\">Wohnung2<\/a>\u00a0\u00a0 <a href=\"http:\/\/ferienwohnung-in-buedingen.de\/wohnung-3\">Wohnung3<\/a>\u00a0\u00a0 <a href=\"http:\/\/ferienwohnung-in-buedingen.de\/bad-kissingen\">Wohnung4<\/a>\u00a0\u00a0 <a href=\"http:\/\/ferienwohnung-in-buedingen.de\/kontakt\">Kontakt<\/a>\u00a0\u00a0 <a href=\"http:\/\/ferienwohnung-in-buedingen.de\/preise\">Preise<\/a> \u00a0 <a href=\"http:\/\/ferienwohnung-in-buedingen.de\/buedingen\">B\u00fcdingen<\/a> \u00a0 <a href=\"http:\/\/ferienwohnung-in-buedingen.de\/wohnung-1\">Villa am Schlosspark<\/a>\u00a0\u00a0 <a href=\"http:\/\/ferienwohnung-in-buedingen.de\/\">Startseite<\/a><\/span><\/p>","protected":false},"excerpt":{"rendered":"<p>B\u00fcdingen: Der Bahnhof liegt auf der Strecke Gie\u00dfen-Gelnhausen (mit Anschluss nach Frankfurt) und ist etwa 1,2 km von der Ferienwohnung Am Schlosspark [&hellip;]<\/p>\n","protected":false},"author":1,"featured_media":0,"parent":0,"menu_order":0,"comment_status":"closed","ping_status":"closed","template":"","meta":{"footnotes":""},"class_list":["post-517","page","type-page","status-publish","hentry"],"aioseo_notices":[],"yoast_head":"<!-- This site is optimized with the Yoast SEO plugin v19.9 - https:\/\/yoast.com\/wordpress\/plugins\/seo\/ -->\n<title>Anfahrt<\/title>\n<meta name=\"description\" content=\"Anfahrt B\u00fcdingen: Der Bahnhof liegt auf der Strecke Gie\u00dfen-Gelnhausen (mit Anschluss nach Frankfurt) und ist etwa 1,2 km von der Ferienwohnung Schlosspark\" \/>\n<meta name=\"robots\" content=\"index, follow, max-snippet:-1, max-image-preview:large, max-video-preview:-1\" \/>\n<link rel=\"canonical\" href=\"https:\/\/ferienwohnung-in-buedingen.de\/en\/anfahrt\" \/>\n<meta property=\"og:locale\" content=\"en_US\" \/>\n<meta property=\"og:type\" content=\"article\" \/>\n<meta property=\"og:title\" content=\"Anfahrt\" \/>\n<meta property=\"og:description\" content=\"Anfahrt B\u00fcdingen: Der Bahnhof liegt auf der Strecke Gie\u00dfen-Gelnhausen (mit Anschluss nach Frankfurt) und ist etwa 1,2 km von der Ferienwohnung Schlosspark\" \/>\n<meta property=\"og:url\" content=\"https:\/\/ferienwohnung-in-buedingen.de\/en\/anfahrt\" \/>\n<meta property=\"og:site_name\" content=\"(Deutsch) Ferienwohnungen in B\u00fcdingen\" \/>\n<meta property=\"article:modified_time\" content=\"2019-06-16T11:21:11+00:00\" \/>\n<meta name=\"twitter:card\" content=\"summary_large_image\" \/>\n<meta name=\"twitter:label1\" content=\"Est. reading time\" \/>\n\t<meta name=\"twitter:data1\" content=\"2 minutes\" \/>\n<script type=\"application\/ld+json\" class=\"yoast-schema-graph\">{\"@context\":\"https:\/\/schema.org\",\"@graph\":[{\"@type\":\"WebPage\",\"@id\":\"https:\/\/ferienwohnung-in-buedingen.de\/en\/anfahrt\",\"url\":\"https:\/\/ferienwohnung-in-buedingen.de\/en\/anfahrt\",\"name\":\"Anfahrt\",\"isPartOf\":{\"@id\":\"https:\/\/ferienwohnung-in-buedingen.de\/#website\"},\"datePublished\":\"2017-05-19T22:34:21+00:00\",\"dateModified\":\"2019-06-16T11:21:11+00:00\",\"description\":\"Anfahrt B\u00fcdingen: Der Bahnhof liegt auf der Strecke Gie\u00dfen-Gelnhausen (mit Anschluss nach Frankfurt) und ist etwa 1,2 km von der Ferienwohnung Schlosspark\",\"breadcrumb\":{\"@id\":\"https:\/\/ferienwohnung-in-buedingen.de\/en\/anfahrt#breadcrumb\"},\"inLanguage\":\"en-US\",\"potentialAction\":[{\"@type\":\"ReadAction\",\"target\":[\"https:\/\/ferienwohnung-in-buedingen.de\/en\/anfahrt\"]}]},{\"@type\":\"BreadcrumbList\",\"@id\":\"https:\/\/ferienwohnung-in-buedingen.de\/en\/anfahrt#breadcrumb\",\"itemListElement\":[{\"@type\":\"ListItem\",\"position\":1,\"name\":\"Startseite\",\"item\":\"https:\/\/ferienwohnung-in-buedingen.de\/\"},{\"@type\":\"ListItem\",\"position\":2,\"name\":\"Anfahrt\"}]},{\"@type\":\"WebSite\",\"@id\":\"https:\/\/ferienwohnung-in-buedingen.de\/#website\",\"url\":\"https:\/\/ferienwohnung-in-buedingen.de\/\",\"name\":\"(Deutsch) Ferienwohnungen in B\u00fcdingen\",\"description\":\"(Deutsch) 3 Wohnungen in gehobener Ausstattung mitten in der Stadt B\u00fcdingen: Wohnen am Schlosspark und Ambiente Mediterran\",\"potentialAction\":[{\"@type\":\"SearchAction\",\"target\":{\"@type\":\"EntryPoint\",\"urlTemplate\":\"https:\/\/ferienwohnung-in-buedingen.de\/?s={search_term_string}\"},\"query-input\":\"required name=search_term_string\"}],\"inLanguage\":\"en-US\"}]}<\/script>\n<!-- \/ Yoast SEO plugin. -->","yoast_head_json":{"title":"Anfahrt","description":"Anfahrt B\u00fcdingen: Der Bahnhof liegt auf der Strecke Gie\u00dfen-Gelnhausen (mit Anschluss nach Frankfurt) und ist etwa 1,2 km von der Ferienwohnung Schlosspark","robots":{"index":"index","follow":"follow","max-snippet":"max-snippet:-1","max-image-preview":"max-image-preview:large","max-video-preview":"max-video-preview:-1"},"canonical":"https:\/\/ferienwohnung-in-buedingen.de\/en\/anfahrt","og_locale":"en_US","og_type":"article","og_title":"Anfahrt","og_description":"Anfahrt B\u00fcdingen: Der Bahnhof liegt auf der Strecke Gie\u00dfen-Gelnhausen (mit Anschluss nach Frankfurt) und ist etwa 1,2 km von der Ferienwohnung Schlosspark","og_url":"https:\/\/ferienwohnung-in-buedingen.de\/en\/anfahrt","og_site_name":"(Deutsch) Ferienwohnungen in B\u00fcdingen","article_modified_time":"2019-06-16T11:21:11+00:00","twitter_card":"summary_large_image","twitter_misc":{"Est. reading time":"2 minutes"},"schema":{"@context":"https:\/\/schema.org","@graph":[{"@type":"WebPage","@id":"https:\/\/ferienwohnung-in-buedingen.de\/en\/anfahrt","url":"https:\/\/ferienwohnung-in-buedingen.de\/en\/anfahrt","name":"Anfahrt","isPartOf":{"@id":"https:\/\/ferienwohnung-in-buedingen.de\/#website"},"datePublished":"2017-05-19T22:34:21+00:00","dateModified":"2019-06-16T11:21:11+00:00","description":"Anfahrt B\u00fcdingen: Der Bahnhof liegt auf der Strecke Gie\u00dfen-Gelnhausen (mit Anschluss nach Frankfurt) und ist etwa 1,2 km von der Ferienwohnung Schlosspark","breadcrumb":{"@id":"https:\/\/ferienwohnung-in-buedingen.de\/en\/anfahrt#breadcrumb"},"inLanguage":"en-US","potentialAction":[{"@type":"ReadAction","target":["https:\/\/ferienwohnung-in-buedingen.de\/en\/anfahrt"]}]},{"@type":"BreadcrumbList","@id":"https:\/\/ferienwohnung-in-buedingen.de\/en\/anfahrt#breadcrumb","itemListElement":[{"@type":"ListItem","position":1,"name":"Startseite","item":"https:\/\/ferienwohnung-in-buedingen.de\/"},{"@type":"ListItem","position":2,"name":"Anfahrt"}]},{"@type":"WebSite","@id":"https:\/\/ferienwohnung-in-buedingen.de\/#website","url":"https:\/\/ferienwohnung-in-buedingen.de\/","name":"(Deutsch) Ferienwohnungen in B\u00fcdingen","description":"(Deutsch) 3 Wohnungen in gehobener Ausstattung mitten in der Stadt B\u00fcdingen: Wohnen am Schlosspark und Ambiente Mediterran","potentialAction":[{"@type":"SearchAction","target":{"@type":"EntryPoint","urlTemplate":"https:\/\/ferienwohnung-in-buedingen.de\/?s={search_term_string}"},"query-input":"required name=search_term_string"}],"inLanguage":"en-US"}]}},"_links":{"self":[{"href":"https:\/\/ferienwohnung-in-buedingen.de\/en\/wp-json\/wp\/v2\/pages\/517","targetHints":{"allow":["GET"]}}],"collection":[{"href":"https:\/\/ferienwohnung-in-buedingen.de\/en\/wp-json\/wp\/v2\/pages"}],"about":[{"href":"https:\/\/ferienwohnung-in-buedingen.de\/en\/wp-json\/wp\/v2\/types\/page"}],"author":[{"embeddable":true,"href":"https:\/\/ferienwohnung-in-buedingen.de\/en\/wp-json\/wp\/v2\/users\/1"}],"replies":[{"embeddable":true,"href":"https:\/\/ferienwohnung-in-buedingen.de\/en\/wp-json\/wp\/v2\/comments?post=517"}],"version-history":[{"count":8,"href":"https:\/\/ferienwohnung-in-buedingen.de\/en\/wp-json\/wp\/v2\/pages\/517\/revisions"}],"predecessor-version":[{"id":609,"href":"https:\/\/ferienwohnung-in-buedingen.de\/en\/wp-json\/wp\/v2\/pages\/517\/revisions\/609"}],"wp:attachment":[{"href":"https:\/\/ferienwohnung-in-buedingen.de\/en\/wp-json\/wp\/v2\/media?parent=517"}],"curies":[{"name":"wp","href":"https:\/\/api.w.org\/{rel}","templated":true}]}}