{"id":47,"date":"2017-05-08T13:10:45","date_gmt":"2017-05-08T13:10:45","guid":{"rendered":"http:\/\/ferienwohnung-in-buedingen.de\/?page_id=47"},"modified":"2022-11-05T10:18:39","modified_gmt":"2022-11-05T10:18:39","slug":"wohnung-1","status":"publish","type":"page","link":"https:\/\/ferienwohnung-in-buedingen.de\/en\/wohnung-1","title":{"rendered":"Villa am Schlosspark"},"content":{"rendered":"<p><\/p>\n<h4><span style=\"font-family: arial,helvetica,sans-serif; color: #000000;\"><strong>Villa am Schlosspark mit zwei exklusiven Ferienwohnungen<\/strong><\/span><\/h4>\n<p><span style=\"font-family: arial,helvetica,sans-serif;\"><strong><a href=\"http:\/\/ferienwohnung-in-buedingen.de\/wohnung-1-2\">Wohnung1<\/a><\/strong>\u00a0\u00a0\u00a0\u00a0\u00a0\u00a0\u00a0\u00a0\u00a0 <\/span><strong><a href=\"http:\/\/ferienwohnung-in-buedingen.de\/wohnung-2\"><span style=\"font-family: arial,helvetica,sans-serif;\">Wohnung2<\/span><\/a><\/strong><\/p>\n<p><span style=\"font-family: arial,helvetica,sans-serif; color: #000000;\">Inmitten eines wundersch\u00f6nen Villenviertels befindet sich diese liebevoll sanierte, denkmalgesch\u00fctzte Villa mit zwei gem\u00fctlichen Ferienwohnungen im Zentrum von B\u00fcdingen\/Hessen. Sie wurde im Jahr 2004 f\u00fcr die Tochter des damaligen F\u00fcrsten in bester Lage gebaut, deshalb die N\u00e4he zum Schloss direkt am Schlosspark.<\/span><\/p>\n<p><span style=\"font-family: arial,helvetica,sans-serif; color: #000000;\">Beide Wohnungen wurden 2020 neu renoviert. Eine 3-Zimmer-Wohnung mit Terrasse und Garten und eine 2-Zimmer-Wohnung mit Balkon, jeweils mit gehobener Ausstattung. Die gro\u00dfz\u00fcgige Bauweise mit 3,5 Meter hohen Zimmerdecken, teilweise mit Stuck versehen, vermittelt eine herrschaftliche Atmosph\u00e4re.<\/span><\/p>\n<p><span style=\"font-family: arial,helvetica,sans-serif; color: #000000;\">Das abgeschlossene Grundst\u00fcck, auf dem die Villa steht, ist umrahmt von B\u00e4umen und Str\u00e4uchern. Sehr idyllisch und in solider Umgebung. Zur Stra\u00dfe hin ist das Grundst\u00fcck mit einer T\u00fcr und einem Tor, welches \u00fcber Fernbedienung zu \u00f6ffnen ist, verschlossen. Die familienfreundlichen Vermieter wohnen auf der anderen Seite der Villa. Die Haus-Eing\u00e4nge und G\u00e4rten sind getrennt, aber der Zugang \u00fcber die Au\u00dfentreppe ist der gleiche.<\/span><\/p>\n<p><span style=\"font-family: arial,helvetica,sans-serif; color: #000000;\">Es gibt \u00f6ffentliche Parkpl\u00e4tze vor dem Haus. Da es eine Stra\u00dfe mit gro\u00dfz\u00fcgigen Grundst\u00fccken ist, hat man selten Probleme, einen Parkplatz zu finden.<\/span><\/p>\n<p><span style=\"font-family: arial,helvetica,sans-serif; color: #000000;\">Bereits in 300 Meter Entfernung finden Sie Restaurants, Caf\u00e9s, B\u00e4cker, Supermarkt und das B\u00fcdinger Schloss. Hier sind Sie direkt im sch\u00f6nsten Teil B\u00fcdingens. B\u00fcdingen liegt gut 40 km von Frankfurt am Main entfernt und ist aufgrund seiner besterhaltenen mittelalterlichen Altstadt ber\u00fchmt, welche nur drei Gehminuten von den Ferienwohnungen entfernt ist. Hier kann man in romantischer ruhiger Lage herrlich entspannen.<\/span><\/p>\n<p><span style=\"font-family: arial,helvetica,sans-serif;\"><a href=\"http:\/\/ferienwohnung-in-buedingen.de\/wohnung-1-2\">Wohnung1<\/a>\u00a0\u00a0 <a href=\"http:\/\/ferienwohnung-in-buedingen.de\/wohnung-2\">Wohnung2<\/a>\u00a0\u00a0 <a href=\"http:\/\/ferienwohnung-in-buedingen.de\/wohnung-3\">Wohnung3<\/a>\u00a0\u00a0 <a href=\"http:\/\/ferienwohnung-in-buedingen.de\/bad-kissingen\">Wohnung4<\/a>\u00a0\u00a0 <a href=\"http:\/\/ferienwohnung-in-buedingen.de\/kontakt\">Kontakt<\/a>\u00a0\u00a0 <a href=\"http:\/\/ferienwohnung-in-buedingen.de\/preise\">Preise<\/a> \u00a0 <a href=\"http:\/\/ferienwohnung-in-buedingen.de\/buedingen\">B\u00fcdingen<\/a> \u00a0 <a href=\"http:\/\/ferienwohnung-in-buedingen.de\/wohnung-1\">Villa am Schlosspark<\/a>\u00a0\u00a0 <a href=\"http:\/\/ferienwohnung-in-buedingen.de\/\">Startseite<\/a><\/span><\/p>","protected":false},"excerpt":{"rendered":"<p>Villa am Schlosspark mit zwei exklusiven Ferienwohnungen Wohnung1\u00a0\u00a0\u00a0\u00a0\u00a0\u00a0\u00a0\u00a0\u00a0 Wohnung2 Inmitten eines wundersch\u00f6nen Villenviertels befindet sich diese liebevoll sanierte, denkmalgesch\u00fctzte Villa mit zwei [&hellip;]<\/p>\n","protected":false},"author":1,"featured_media":0,"parent":0,"menu_order":0,"comment_status":"closed","ping_status":"closed","template":"","meta":{"footnotes":""},"class_list":["post-47","page","type-page","status-publish","hentry"],"aioseo_notices":[],"yoast_head":"<!-- This site is optimized with the Yoast SEO plugin v19.9 - https:\/\/yoast.com\/wordpress\/plugins\/seo\/ -->\n<title>Villa am Schlosspark<\/title>\n<meta name=\"description\" content=\"Villa am Schlosspark mit zwei exklusiven Ferienwohnungen\" \/>\n<meta name=\"robots\" content=\"index, follow, max-snippet:-1, max-image-preview:large, max-video-preview:-1\" \/>\n<link rel=\"canonical\" href=\"https:\/\/ferienwohnung-in-buedingen.de\/wohnung-1\" \/>\n<meta property=\"og:locale\" content=\"en_US\" \/>\n<meta property=\"og:type\" content=\"article\" \/>\n<meta property=\"og:title\" content=\"Villa am Schlosspark\" \/>\n<meta property=\"og:description\" content=\"Villa am Schlosspark mit zwei exklusiven Ferienwohnungen\" \/>\n<meta property=\"og:url\" content=\"https:\/\/ferienwohnung-in-buedingen.de\/wohnung-1\" \/>\n<meta property=\"og:site_name\" content=\"(Deutsch) Ferienwohnungen in B\u00fcdingen\" \/>\n<meta property=\"article:modified_time\" content=\"2022-11-05T10:18:39+00:00\" \/>\n<meta name=\"twitter:card\" content=\"summary_large_image\" \/>\n<meta name=\"twitter:label1\" content=\"Est. reading time\" \/>\n\t<meta name=\"twitter:data1\" content=\"3 minutes\" \/>\n<script type=\"application\/ld+json\" class=\"yoast-schema-graph\">{\"@context\":\"https:\/\/schema.org\",\"@graph\":[{\"@type\":\"WebPage\",\"@id\":\"https:\/\/ferienwohnung-in-buedingen.de\/wohnung-1\",\"url\":\"https:\/\/ferienwohnung-in-buedingen.de\/wohnung-1\",\"name\":\"Villa am Schlosspark\",\"isPartOf\":{\"@id\":\"https:\/\/ferienwohnung-in-buedingen.de\/#website\"},\"datePublished\":\"2017-05-08T13:10:45+00:00\",\"dateModified\":\"2022-11-05T10:18:39+00:00\",\"description\":\"Villa am Schlosspark mit zwei exklusiven Ferienwohnungen\",\"breadcrumb\":{\"@id\":\"https:\/\/ferienwohnung-in-buedingen.de\/wohnung-1#breadcrumb\"},\"inLanguage\":\"en-US\",\"potentialAction\":[{\"@type\":\"ReadAction\",\"target\":[\"https:\/\/ferienwohnung-in-buedingen.de\/wohnung-1\"]}]},{\"@type\":\"BreadcrumbList\",\"@id\":\"https:\/\/ferienwohnung-in-buedingen.de\/wohnung-1#breadcrumb\",\"itemListElement\":[{\"@type\":\"ListItem\",\"position\":1,\"name\":\"Startseite\",\"item\":\"https:\/\/ferienwohnung-in-buedingen.de\/\"},{\"@type\":\"ListItem\",\"position\":2,\"name\":\"Villa am Schlosspark\"}]},{\"@type\":\"WebSite\",\"@id\":\"https:\/\/ferienwohnung-in-buedingen.de\/#website\",\"url\":\"https:\/\/ferienwohnung-in-buedingen.de\/\",\"name\":\"(Deutsch) Ferienwohnungen in B\u00fcdingen\",\"description\":\"(Deutsch) 3 Wohnungen in gehobener Ausstattung mitten in der Stadt B\u00fcdingen: Wohnen am Schlosspark und Ambiente Mediterran\",\"potentialAction\":[{\"@type\":\"SearchAction\",\"target\":{\"@type\":\"EntryPoint\",\"urlTemplate\":\"https:\/\/ferienwohnung-in-buedingen.de\/?s={search_term_string}\"},\"query-input\":\"required name=search_term_string\"}],\"inLanguage\":\"en-US\"}]}<\/script>\n<!-- \/ Yoast SEO plugin. -->","yoast_head_json":{"title":"Villa am Schlosspark","description":"Villa am Schlosspark mit zwei exklusiven Ferienwohnungen","robots":{"index":"index","follow":"follow","max-snippet":"max-snippet:-1","max-image-preview":"max-image-preview:large","max-video-preview":"max-video-preview:-1"},"canonical":"https:\/\/ferienwohnung-in-buedingen.de\/wohnung-1","og_locale":"en_US","og_type":"article","og_title":"Villa am Schlosspark","og_description":"Villa am Schlosspark mit zwei exklusiven Ferienwohnungen","og_url":"https:\/\/ferienwohnung-in-buedingen.de\/wohnung-1","og_site_name":"(Deutsch) Ferienwohnungen in B\u00fcdingen","article_modified_time":"2022-11-05T10:18:39+00:00","twitter_card":"summary_large_image","twitter_misc":{"Est. reading time":"3 minutes"},"schema":{"@context":"https:\/\/schema.org","@graph":[{"@type":"WebPage","@id":"https:\/\/ferienwohnung-in-buedingen.de\/wohnung-1","url":"https:\/\/ferienwohnung-in-buedingen.de\/wohnung-1","name":"Villa am Schlosspark","isPartOf":{"@id":"https:\/\/ferienwohnung-in-buedingen.de\/#website"},"datePublished":"2017-05-08T13:10:45+00:00","dateModified":"2022-11-05T10:18:39+00:00","description":"Villa am Schlosspark mit zwei exklusiven Ferienwohnungen","breadcrumb":{"@id":"https:\/\/ferienwohnung-in-buedingen.de\/wohnung-1#breadcrumb"},"inLanguage":"en-US","potentialAction":[{"@type":"ReadAction","target":["https:\/\/ferienwohnung-in-buedingen.de\/wohnung-1"]}]},{"@type":"BreadcrumbList","@id":"https:\/\/ferienwohnung-in-buedingen.de\/wohnung-1#breadcrumb","itemListElement":[{"@type":"ListItem","position":1,"name":"Startseite","item":"https:\/\/ferienwohnung-in-buedingen.de\/"},{"@type":"ListItem","position":2,"name":"Villa am Schlosspark"}]},{"@type":"WebSite","@id":"https:\/\/ferienwohnung-in-buedingen.de\/#website","url":"https:\/\/ferienwohnung-in-buedingen.de\/","name":"(Deutsch) Ferienwohnungen in B\u00fcdingen","description":"(Deutsch) 3 Wohnungen in gehobener Ausstattung mitten in der Stadt B\u00fcdingen: Wohnen am Schlosspark und Ambiente Mediterran","potentialAction":[{"@type":"SearchAction","target":{"@type":"EntryPoint","urlTemplate":"https:\/\/ferienwohnung-in-buedingen.de\/?s={search_term_string}"},"query-input":"required name=search_term_string"}],"inLanguage":"en-US"}]}},"_links":{"self":[{"href":"https:\/\/ferienwohnung-in-buedingen.de\/en\/wp-json\/wp\/v2\/pages\/47","targetHints":{"allow":["GET"]}}],"collection":[{"href":"https:\/\/ferienwohnung-in-buedingen.de\/en\/wp-json\/wp\/v2\/pages"}],"about":[{"href":"https:\/\/ferienwohnung-in-buedingen.de\/en\/wp-json\/wp\/v2\/types\/page"}],"author":[{"embeddable":true,"href":"https:\/\/ferienwohnung-in-buedingen.de\/en\/wp-json\/wp\/v2\/users\/1"}],"replies":[{"embeddable":true,"href":"https:\/\/ferienwohnung-in-buedingen.de\/en\/wp-json\/wp\/v2\/comments?post=47"}],"version-history":[{"count":41,"href":"https:\/\/ferienwohnung-in-buedingen.de\/en\/wp-json\/wp\/v2\/pages\/47\/revisions"}],"predecessor-version":[{"id":643,"href":"https:\/\/ferienwohnung-in-buedingen.de\/en\/wp-json\/wp\/v2\/pages\/47\/revisions\/643"}],"wp:attachment":[{"href":"https:\/\/ferienwohnung-in-buedingen.de\/en\/wp-json\/wp\/v2\/media?parent=47"}],"curies":[{"name":"wp","href":"https:\/\/api.w.org\/{rel}","templated":true}]}}