{"id":2,"date":"2017-05-08T10:47:42","date_gmt":"2017-05-08T10:47:42","guid":{"rendered":"http:\/\/ferienwohnung-in-buedingen.de\/?page_id=2"},"modified":"2022-11-05T11:31:23","modified_gmt":"2022-11-05T11:31:23","slug":"sample-page","status":"publish","type":"page","link":"https:\/\/ferienwohnung-in-buedingen.de\/en\/sample-page","title":{"rendered":"Links"},"content":{"rendered":"<p><span style=\"font-family: arial,helvetica,sans-serif;\"><a href=\"http:\/\/www.ysenburg.de\/\" target=\"_blank\" rel=\"noopener noreferrer\">B\u00fcdinger Schloss<\/a><\/span><br \/>\n<span style=\"font-family: arial,helvetica,sans-serif;\"> <a href=\"https:\/\/www.wildpark-buedingen.de\/\" target=\"_blank\" rel=\"noopener noreferrer\">B\u00fcdinger Wildpark <\/a><\/span><br \/>\n<span style=\"font-family: arial,helvetica,sans-serif;\"> <a href=\"http:\/\/www.burg-ronneburg.de\/\" target=\"_blank\" rel=\"noopener noreferrer\">Burg Ronneburg\u00a0<\/a><\/span><br \/>\n<span style=\"font-family: arial,helvetica,sans-serif;\"> <a href=\"http:\/\/www.campingpark-gedern.de\/\" target=\"_blank\" rel=\"noopener noreferrer\">Gederner See<\/a><\/span><br \/>\n<span style=\"font-family: arial,helvetica,sans-serif;\"> <a href=\"http:\/\/www.herrnhaag.de\/\" target=\"_blank\" rel=\"noopener noreferrer\">Herrnhaag\u00a0<\/a><\/span><br \/>\n<span style=\"font-family: arial,helvetica,sans-serif;\"> <a href=\"http:\/\/www.keltenwelt-glauberg.de\/\" target=\"_blank\" rel=\"noopener noreferrer\">Keltenwelt Glauberg<\/a><\/span><br \/>\n<span style=\"font-family: arial,helvetica,sans-serif;\"> <a href=\"http:\/\/www.abtei-kloster-engelthal.de\/\" target=\"_blank\" rel=\"noopener noreferrer\">Kloster Engelthal<\/a><\/span><br \/>\n<span style=\"font-family: arial,helvetica,sans-serif;\"> <a href=\"http:\/\/www.lissberg.de\/\" target=\"_blank\" rel=\"noopener noreferrer\">Li\u00dfberg<\/a><\/span><br \/>\n<span style=\"font-family: arial,helvetica,sans-serif;\"> <a href=\"http:\/\/www.mittelalterfest-buedingen.de\/\" target=\"_blank\" rel=\"noopener noreferrer\">Mittelalterliches B\u00fcdingen<\/a><\/span><br \/>\n<span style=\"font-family: arial,helvetica,sans-serif;\"> <a href=\"http:\/\/www.stadt-buedingen.de\/freibad-buedingen\/ueber-das-freibad\" target=\"_blank\" rel=\"noopener noreferrer\">Schwimmbad <\/a><\/span><br \/>\n<span style=\"font-family: arial,helvetica,sans-serif;\"> <a href=\"http:\/\/vogelpark-schotten.de\/\" target=\"_blank\" rel=\"noopener noreferrer\">Vogelpark Schotten<\/a><\/span><br \/>\n<span style=\"font-family: arial,helvetica,sans-serif;\"> <a href=\"http:\/\/www.vulkanradweg.de\/\" target=\"_blank\" rel=\"noopener noreferrer\">Vulkanradweg<\/a><\/span><\/p>\n<p><span style=\"font-family: arial,helvetica,sans-serif;\"><a href=\"http:\/\/ferienwohnung-in-buedingen.de\/wohnung-1-2\">Wohnung1<\/a>\u00a0\u00a0 <a href=\"http:\/\/ferienwohnung-in-buedingen.de\/wohnung-2\">Wohnung2<\/a>\u00a0\u00a0 <a href=\"http:\/\/ferienwohnung-in-buedingen.de\/wohnung-3\">Wohnung3<\/a>\u00a0\u00a0 <a href=\"http:\/\/ferienwohnung-in-buedingen.de\/bad-kissingen\">Wohnung4<\/a>\u00a0\u00a0 <a href=\"http:\/\/ferienwohnung-in-buedingen.de\/kontakt\">Kontakt<\/a>\u00a0\u00a0 <a href=\"http:\/\/ferienwohnung-in-buedingen.de\/preise\">Preise<\/a> \u00a0 <a href=\"http:\/\/ferienwohnung-in-buedingen.de\/buedingen\">B\u00fcdingen<\/a> \u00a0 <a href=\"http:\/\/ferienwohnung-in-buedingen.de\/wohnung-1\">Villa am Schlosspark<\/a>\u00a0\u00a0 <a href=\"http:\/\/ferienwohnung-in-buedingen.de\/\">Startseite<\/a><\/span><\/p>\n<p><span style=\"font-size: 8pt; font-family: arial,helvetica,sans-serif;\">Wichtige Backlinks f\u00fcr diverse Portale:<\/span><\/p>\n<p><span style=\"font-size: 8pt; font-family: arial,helvetica,sans-serif;\"><a href=\"https:\/\/www.ferienhausmiete.de\/\" target=\"_blank\" rel=\"noopener noreferrer\">Ferienhausmiete<\/a><\/span><\/p>\n<p><span style=\"font-size: 8pt; font-family: arial,helvetica,sans-serif;\"><a href=\"http:\/\/www.branchen-info.net\/\" target=\"_blank\" rel=\"noopener noreferrer\">Banchen Info<\/a><\/span><\/p>\n<p><span style=\"font-size: 8pt; font-family: arial,helvetica,sans-serif;\"><a href=\"https:\/\/www.ferienhausmarkt.com\/\" target=\"_blank\" rel=\"noopener noreferrer\">Ferienhausmarkt<\/a><\/span><\/p>\n<p><span style=\"font-size: 8pt; font-family: arial,helvetica,sans-serif;\"><a href=\"http:\/\/www.live-like-a-german.de\/\" target=\"_blank\" rel=\"noopener noreferrer\">Live like a german<\/a><\/span><\/p>\n<p><span style=\"font-size: 8pt; font-family: arial,helvetica,sans-serif;\"><a href=\"http:\/\/www.wohlfuehlportal.de\/\" target=\"_blank\" rel=\"noopener noreferrer\">Wohlf\u00fchlportal<\/a><\/span><\/p>\n<p><span style=\"font-size: 8pt; font-family: arial,helvetica,sans-serif;\"><a href=\"https:\/\/www.pensionen-weltweit.de\/\" target=\"_blank\" rel=\"noopener noreferrer\">Pensionen weltweit<\/a><\/span><\/p>\n<p><span style=\"font-size: 8pt; font-family: arial,helvetica,sans-serif;\"><a href=\"http:\/\/www.ferienhaus-privat.de\/\" target=\"_blank\" rel=\"noopener noreferrer\">Ferienhaus Privat<\/a><\/span><\/p>\n<p><span style=\"font-size: 8pt; font-family: arial,helvetica,sans-serif;\"><a href=\"https:\/\/www.ferienhausnetz.eu\/de\/index.html\" target=\"_blank\" rel=\"noopener noreferrer\">Ferienhausnetz<\/a><\/span><\/p>\n<p><span style=\"font-size: 8pt; font-family: arial,helvetica,sans-serif;\"><a href=\"http:\/\/www.fewowahl.de\/\" target=\"_blank\" rel=\"noopener noreferrer\">FEWO Wahl<\/a><\/span><\/p>\n<p><span style=\"font-size: 8pt; font-family: arial,helvetica,sans-serif;\"><a href=\"http:\/\/www.mein-ferienhaus-in.de\/\" target=\"_blank\" rel=\"noopener noreferrer\">Mein Ferienhaus in&#8230;<\/a><\/span><\/p>\n<p><span style=\"font-size: 8pt; font-family: arial,helvetica,sans-serif;\"><a href=\"http:\/\/www.ferienwohnungen-ferienhaeuser-weltweit.de\/http:\/\/www.ferienwohnungen-ferienhaeuser-weltweit.de\/\" target=\"_blank\" rel=\"noopener noreferrer\">Ferienwohnung, Ferienh\u00e4user weltweit<\/a><\/span><\/p>\n<p><span style=\"font-size: 8pt; font-family: arial,helvetica,sans-serif;\"><a href=\"http:\/\/www.holiday-home.de\/\" target=\"_blank\" rel=\"noopener noreferrer\">Holiday home<\/a><\/span><\/p>\n<p><span style=\"font-size: 8pt; font-family: arial,helvetica,sans-serif;\"><a href=\"http:\/\/www.fewo-experte.com\/\" target=\"_blank\" rel=\"noopener noreferrer\">FEWO experte<\/a><\/span><\/p>\n<p><span style=\"font-size: 8pt; font-family: arial,helvetica,sans-serif;\"><a href=\"http:\/\/www.ferien-miete.de\/\" target=\"_blank\" rel=\"noopener noreferrer\">Ferien Miete<\/a><\/span><\/p>","protected":false},"excerpt":{"rendered":"<p>B\u00fcdinger Schloss B\u00fcdinger Wildpark Burg Ronneburg\u00a0 Gederner See Herrnhaag\u00a0 Keltenwelt Glauberg Kloster Engelthal Li\u00dfberg Mittelalterliches B\u00fcdingen Schwimmbad Vogelpark Schotten Vulkanradweg Wohnung1\u00a0\u00a0 Wohnung2\u00a0\u00a0 [&hellip;]<\/p>\n","protected":false},"author":1,"featured_media":0,"parent":0,"menu_order":0,"comment_status":"closed","ping_status":"open","template":"","meta":{"footnotes":""},"class_list":["post-2","page","type-page","status-publish","hentry"],"aioseo_notices":[],"yoast_head":"<!-- This site is optimized with the Yoast SEO plugin v19.9 - https:\/\/yoast.com\/wordpress\/plugins\/seo\/ -->\n<title>Links - (Deutsch) Ferienwohnungen in B\u00fcdingen<\/title>\n<meta name=\"robots\" content=\"index, follow, max-snippet:-1, max-image-preview:large, max-video-preview:-1\" \/>\n<link rel=\"canonical\" href=\"https:\/\/ferienwohnung-in-buedingen.de\/en\/sample-page\" \/>\n<meta property=\"og:locale\" content=\"en_US\" \/>\n<meta property=\"og:type\" content=\"article\" \/>\n<meta property=\"og:title\" content=\"Links - (Deutsch) Ferienwohnungen in B\u00fcdingen\" \/>\n<meta property=\"og:description\" content=\"B\u00fcdinger Schloss B\u00fcdinger Wildpark Burg Ronneburg\u00a0 Gederner See Herrnhaag\u00a0 Keltenwelt Glauberg Kloster Engelthal Li\u00dfberg Mittelalterliches B\u00fcdingen Schwimmbad Vogelpark Schotten Vulkanradweg Wohnung1\u00a0\u00a0 Wohnung2\u00a0\u00a0 [&hellip;]\" \/>\n<meta property=\"og:url\" content=\"https:\/\/ferienwohnung-in-buedingen.de\/en\/sample-page\" \/>\n<meta property=\"og:site_name\" content=\"(Deutsch) Ferienwohnungen in B\u00fcdingen\" \/>\n<meta property=\"article:modified_time\" content=\"2022-11-05T11:31:23+00:00\" \/>\n<meta name=\"twitter:card\" content=\"summary_large_image\" \/>\n<meta name=\"twitter:label1\" content=\"Est. reading time\" \/>\n\t<meta name=\"twitter:data1\" content=\"1 minute\" \/>\n<script type=\"application\/ld+json\" class=\"yoast-schema-graph\">{\"@context\":\"https:\/\/schema.org\",\"@graph\":[{\"@type\":\"WebPage\",\"@id\":\"https:\/\/ferienwohnung-in-buedingen.de\/en\/sample-page\",\"url\":\"https:\/\/ferienwohnung-in-buedingen.de\/en\/sample-page\",\"name\":\"Links - (Deutsch) Ferienwohnungen in B\u00fcdingen\",\"isPartOf\":{\"@id\":\"https:\/\/ferienwohnung-in-buedingen.de\/#website\"},\"datePublished\":\"2017-05-08T10:47:42+00:00\",\"dateModified\":\"2022-11-05T11:31:23+00:00\",\"breadcrumb\":{\"@id\":\"https:\/\/ferienwohnung-in-buedingen.de\/en\/sample-page#breadcrumb\"},\"inLanguage\":\"en-US\",\"potentialAction\":[{\"@type\":\"ReadAction\",\"target\":[\"https:\/\/ferienwohnung-in-buedingen.de\/en\/sample-page\"]}]},{\"@type\":\"BreadcrumbList\",\"@id\":\"https:\/\/ferienwohnung-in-buedingen.de\/en\/sample-page#breadcrumb\",\"itemListElement\":[{\"@type\":\"ListItem\",\"position\":1,\"name\":\"Startseite\",\"item\":\"https:\/\/ferienwohnung-in-buedingen.de\/\"},{\"@type\":\"ListItem\",\"position\":2,\"name\":\"Links\"}]},{\"@type\":\"WebSite\",\"@id\":\"https:\/\/ferienwohnung-in-buedingen.de\/#website\",\"url\":\"https:\/\/ferienwohnung-in-buedingen.de\/\",\"name\":\"(Deutsch) Ferienwohnungen in B\u00fcdingen\",\"description\":\"(Deutsch) 3 Wohnungen in gehobener Ausstattung mitten in der Stadt B\u00fcdingen: Wohnen am Schlosspark und Ambiente Mediterran\",\"potentialAction\":[{\"@type\":\"SearchAction\",\"target\":{\"@type\":\"EntryPoint\",\"urlTemplate\":\"https:\/\/ferienwohnung-in-buedingen.de\/?s={search_term_string}\"},\"query-input\":\"required name=search_term_string\"}],\"inLanguage\":\"en-US\"}]}<\/script>\n<!-- \/ Yoast SEO plugin. -->","yoast_head_json":{"title":"Links - (Deutsch) Ferienwohnungen in B\u00fcdingen","robots":{"index":"index","follow":"follow","max-snippet":"max-snippet:-1","max-image-preview":"max-image-preview:large","max-video-preview":"max-video-preview:-1"},"canonical":"https:\/\/ferienwohnung-in-buedingen.de\/en\/sample-page","og_locale":"en_US","og_type":"article","og_title":"Links - (Deutsch) Ferienwohnungen in B\u00fcdingen","og_description":"B\u00fcdinger Schloss B\u00fcdinger Wildpark Burg Ronneburg\u00a0 Gederner See Herrnhaag\u00a0 Keltenwelt Glauberg Kloster Engelthal Li\u00dfberg Mittelalterliches B\u00fcdingen Schwimmbad Vogelpark Schotten Vulkanradweg Wohnung1\u00a0\u00a0 Wohnung2\u00a0\u00a0 [&hellip;]","og_url":"https:\/\/ferienwohnung-in-buedingen.de\/en\/sample-page","og_site_name":"(Deutsch) Ferienwohnungen in B\u00fcdingen","article_modified_time":"2022-11-05T11:31:23+00:00","twitter_card":"summary_large_image","twitter_misc":{"Est. reading time":"1 minute"},"schema":{"@context":"https:\/\/schema.org","@graph":[{"@type":"WebPage","@id":"https:\/\/ferienwohnung-in-buedingen.de\/en\/sample-page","url":"https:\/\/ferienwohnung-in-buedingen.de\/en\/sample-page","name":"Links - (Deutsch) Ferienwohnungen in B\u00fcdingen","isPartOf":{"@id":"https:\/\/ferienwohnung-in-buedingen.de\/#website"},"datePublished":"2017-05-08T10:47:42+00:00","dateModified":"2022-11-05T11:31:23+00:00","breadcrumb":{"@id":"https:\/\/ferienwohnung-in-buedingen.de\/en\/sample-page#breadcrumb"},"inLanguage":"en-US","potentialAction":[{"@type":"ReadAction","target":["https:\/\/ferienwohnung-in-buedingen.de\/en\/sample-page"]}]},{"@type":"BreadcrumbList","@id":"https:\/\/ferienwohnung-in-buedingen.de\/en\/sample-page#breadcrumb","itemListElement":[{"@type":"ListItem","position":1,"name":"Startseite","item":"https:\/\/ferienwohnung-in-buedingen.de\/"},{"@type":"ListItem","position":2,"name":"Links"}]},{"@type":"WebSite","@id":"https:\/\/ferienwohnung-in-buedingen.de\/#website","url":"https:\/\/ferienwohnung-in-buedingen.de\/","name":"(Deutsch) Ferienwohnungen in B\u00fcdingen","description":"(Deutsch) 3 Wohnungen in gehobener Ausstattung mitten in der Stadt B\u00fcdingen: Wohnen am Schlosspark und Ambiente Mediterran","potentialAction":[{"@type":"SearchAction","target":{"@type":"EntryPoint","urlTemplate":"https:\/\/ferienwohnung-in-buedingen.de\/?s={search_term_string}"},"query-input":"required name=search_term_string"}],"inLanguage":"en-US"}]}},"_links":{"self":[{"href":"https:\/\/ferienwohnung-in-buedingen.de\/en\/wp-json\/wp\/v2\/pages\/2","targetHints":{"allow":["GET"]}}],"collection":[{"href":"https:\/\/ferienwohnung-in-buedingen.de\/en\/wp-json\/wp\/v2\/pages"}],"about":[{"href":"https:\/\/ferienwohnung-in-buedingen.de\/en\/wp-json\/wp\/v2\/types\/page"}],"author":[{"embeddable":true,"href":"https:\/\/ferienwohnung-in-buedingen.de\/en\/wp-json\/wp\/v2\/users\/1"}],"replies":[{"embeddable":true,"href":"https:\/\/ferienwohnung-in-buedingen.de\/en\/wp-json\/wp\/v2\/comments?post=2"}],"version-history":[{"count":13,"href":"https:\/\/ferienwohnung-in-buedingen.de\/en\/wp-json\/wp\/v2\/pages\/2\/revisions"}],"predecessor-version":[{"id":646,"href":"https:\/\/ferienwohnung-in-buedingen.de\/en\/wp-json\/wp\/v2\/pages\/2\/revisions\/646"}],"wp:attachment":[{"href":"https:\/\/ferienwohnung-in-buedingen.de\/en\/wp-json\/wp\/v2\/media?parent=2"}],"curies":[{"name":"wp","href":"https:\/\/api.w.org\/{rel}","templated":true}]}}