{"id":125,"date":"2017-05-10T11:03:19","date_gmt":"2017-05-10T11:03:19","guid":{"rendered":"http:\/\/ferienwohnung-in-buedingen.de\/?page_id=125"},"modified":"2018-05-30T19:51:32","modified_gmt":"2018-05-30T19:51:32","slug":"wohnung-1-2","status":"publish","type":"page","link":"https:\/\/ferienwohnung-in-buedingen.de\/en\/wohnung-1-2","title":{"rendered":"Wohnung 1"},"content":{"rendered":"<p><span style=\"font-family: arial,helvetica,sans-serif; color: #000000;\"><strong>\r\n<div class=\"slider_6\">\r\n\t\t<ul id=\"slider_6\" class=\"huge-it-slider\" data-autoplay=\"0\">\r\n\t\t\t\t\t\t\t<li class=\"group\"\r\n\t\t\t\t\t\tdata-thumb=\"https:\/\/ferienwohnung-in-buedingen.de\/wp-content\/uploads\/2017\/05\/wohnenamschlosspark_W1_Balkon.jpg\">\r\n\t\t\t\t\t\t\t\t\t\t\t\t<img decoding=\"async\" src=\"https:\/\/ferienwohnung-in-buedingen.de\/wp-content\/uploads\/2017\/05\/wohnenamschlosspark_W1_Balkon.jpg\"\r\n\t\t\t\t\t\t\t alt=\"\"\/>\r\n\t\t\t\t\t\t\t\t\t\t\t\t\t\t\t\t\t\t\t\t\t\t\t<\/li>\r\n\t\t\t\t\t\t\t\t\t\t<li class=\"group\"\r\n\t\t\t\t\t\tdata-thumb=\"https:\/\/ferienwohnung-in-buedingen.de\/wp-content\/uploads\/2017\/05\/wohnenamschlosspark_W1_Gartenblick.jpg\">\r\n\t\t\t\t\t\t\t\t\t\t\t\t<img decoding=\"async\" src=\"https:\/\/ferienwohnung-in-buedingen.de\/wp-content\/uploads\/2017\/05\/wohnenamschlosspark_W1_Gartenblick.jpg\"\r\n\t\t\t\t\t\t\t alt=\"\"\/>\r\n\t\t\t\t\t\t\t\t\t\t\t\t\t\t\t\t\t\t\t\t\t\t\t<\/li>\r\n\t\t\t\t\t\t\t\t\t\t<li class=\"group\"\r\n\t\t\t\t\t\tdata-thumb=\"https:\/\/ferienwohnung-in-buedingen.de\/wp-content\/uploads\/2017\/05\/wohnenamschlosspark_W1_Wohnzimmer_1.jpg\">\r\n\t\t\t\t\t\t\t\t\t\t\t\t<img decoding=\"async\" src=\"https:\/\/ferienwohnung-in-buedingen.de\/wp-content\/uploads\/2017\/05\/wohnenamschlosspark_W1_Wohnzimmer_1.jpg\"\r\n\t\t\t\t\t\t\t alt=\"\"\/>\r\n\t\t\t\t\t\t\t\t\t\t\t\t\t\t\t\t\t\t\t\t\t\t\t<\/li>\r\n\t\t\t\t\t\t\t\t\t\t<li class=\"group\"\r\n\t\t\t\t\t\tdata-thumb=\"https:\/\/ferienwohnung-in-buedingen.de\/wp-content\/uploads\/2017\/05\/wohnenamschlosspark_W1_Essbereich.jpg\">\r\n\t\t\t\t\t\t\t\t\t\t\t\t<img decoding=\"async\" src=\"https:\/\/ferienwohnung-in-buedingen.de\/wp-content\/uploads\/2017\/05\/wohnenamschlosspark_W1_Essbereich.jpg\"\r\n\t\t\t\t\t\t\t alt=\"\"\/>\r\n\t\t\t\t\t\t\t\t\t\t\t\t\t\t\t\t\t\t\t\t\t\t\t<\/li>\r\n\t\t\t\t\t\t\t\t\t\t<li class=\"group\"\r\n\t\t\t\t\t\tdata-thumb=\"https:\/\/ferienwohnung-in-buedingen.de\/wp-content\/uploads\/2017\/05\/wohnenamschlosspark_W1_Schlafen_1.jpg\">\r\n\t\t\t\t\t\t\t\t\t\t\t\t<img decoding=\"async\" src=\"https:\/\/ferienwohnung-in-buedingen.de\/wp-content\/uploads\/2017\/05\/wohnenamschlosspark_W1_Schlafen_1.jpg\"\r\n\t\t\t\t\t\t\t alt=\"\"\/>\r\n\t\t\t\t\t\t\t\t\t\t\t\t\t\t\t\t\t\t\t\t\t\t\t<\/li>\r\n\t\t\t\t\t\t\t\t\t\t<li class=\"group\"\r\n\t\t\t\t\t\tdata-thumb=\"https:\/\/ferienwohnung-in-buedingen.de\/wp-content\/uploads\/2017\/05\/wohnenamschlosspark_W1_Bad.jpg\">\r\n\t\t\t\t\t\t\t\t\t\t\t\t<img decoding=\"async\" src=\"https:\/\/ferienwohnung-in-buedingen.de\/wp-content\/uploads\/2017\/05\/wohnenamschlosspark_W1_Bad.jpg\"\r\n\t\t\t\t\t\t\t alt=\"\"\/>\r\n\t\t\t\t\t\t\t\t\t\t\t\t\t\t\t\t\t\t\t\t\t\t\t<\/li>\r\n\t\t\t\t\t\t\t\t\t\t<li class=\"group\"\r\n\t\t\t\t\t\tdata-thumb=\"https:\/\/ferienwohnung-in-buedingen.de\/wp-content\/uploads\/2017\/05\/wohnenamschlosspark_W1_Ku\u0308che.jpg\">\r\n\t\t\t\t\t\t\t\t\t\t\t\t<img decoding=\"async\" src=\"https:\/\/ferienwohnung-in-buedingen.de\/wp-content\/uploads\/2017\/05\/wohnenamschlosspark_W1_Ku\u0308che.jpg\"\r\n\t\t\t\t\t\t\t alt=\"\"\/>\r\n\t\t\t\t\t\t\t\t\t\t\t\t\t\t\t\t\t\t\t\t\t\t\t<\/li>\r\n\t\t\t\t\t\t\t\t\t\t<li class=\"group\"\r\n\t\t\t\t\t\tdata-thumb=\"https:\/\/ferienwohnung-in-buedingen.de\/wp-content\/uploads\/2017\/05\/wohnenamschlosspark_W1_Flur_1.jpg\">\r\n\t\t\t\t\t\t\t\t\t\t\t\t<img decoding=\"async\" src=\"https:\/\/ferienwohnung-in-buedingen.de\/wp-content\/uploads\/2017\/05\/wohnenamschlosspark_W1_Flur_1.jpg\"\r\n\t\t\t\t\t\t\t alt=\"\"\/>\r\n\t\t\t\t\t\t\t\t\t\t\t\t\t\t\t\t\t\t\t\t\t\t\t<\/li>\r\n\t\t\t\t\t\t\t\t\t\t<li class=\"group\"\r\n\t\t\t\t\t\tdata-thumb=\"https:\/\/ferienwohnung-in-buedingen.de\/wp-content\/uploads\/2017\/05\/wohnenamschlosspark_W1_Esstisch_2.jpg\">\r\n\t\t\t\t\t\t\t\t\t\t\t\t<img decoding=\"async\" src=\"https:\/\/ferienwohnung-in-buedingen.de\/wp-content\/uploads\/2017\/05\/wohnenamschlosspark_W1_Esstisch_2.jpg\"\r\n\t\t\t\t\t\t\t alt=\"\"\/>\r\n\t\t\t\t\t\t\t\t\t\t\t\t\t\t\t\t\t\t\t\t\t\t\t<\/li>\r\n\t\t\t\t\t\t\t\t\t\t<li class=\"group\"\r\n\t\t\t\t\t\tdata-thumb=\"https:\/\/ferienwohnung-in-buedingen.de\/wp-content\/uploads\/2017\/05\/wohnenamschlosspark_W1_Esstisch.jpg\">\r\n\t\t\t\t\t\t\t\t\t\t\t\t<img decoding=\"async\" src=\"https:\/\/ferienwohnung-in-buedingen.de\/wp-content\/uploads\/2017\/05\/wohnenamschlosspark_W1_Esstisch.jpg\"\r\n\t\t\t\t\t\t\t alt=\"\"\/>\r\n\t\t\t\t\t\t\t\t\t\t\t\t\t\t\t\t\t\t\t\t\t\t\t<\/li>\r\n\t\t\t\t\t\t\t\t\t\t<li class=\"group\"\r\n\t\t\t\t\t\tdata-thumb=\"https:\/\/ferienwohnung-in-buedingen.de\/wp-content\/uploads\/2017\/05\/wohnenamschlosspark_W1_Zustellbett_2.jpg\">\r\n\t\t\t\t\t\t\t\t\t\t\t\t<img decoding=\"async\" src=\"https:\/\/ferienwohnung-in-buedingen.de\/wp-content\/uploads\/2017\/05\/wohnenamschlosspark_W1_Zustellbett_2.jpg\"\r\n\t\t\t\t\t\t\t alt=\"\"\/>\r\n\t\t\t\t\t\t\t\t\t\t\t\t\t\t\t\t\t\t\t\t\t\t\t<\/li>\r\n\t\t\t\t\t\t\t\t\t\t<li class=\"group\"\r\n\t\t\t\t\t\tdata-thumb=\"https:\/\/ferienwohnung-in-buedingen.de\/wp-content\/uploads\/2017\/05\/wohnenamschlosspark_W1_Zustellbett_1.jpg\">\r\n\t\t\t\t\t\t\t\t\t\t\t\t<img decoding=\"async\" src=\"https:\/\/ferienwohnung-in-buedingen.de\/wp-content\/uploads\/2017\/05\/wohnenamschlosspark_W1_Zustellbett_1.jpg\"\r\n\t\t\t\t\t\t\t alt=\"\"\/>\r\n\t\t\t\t\t\t\t\t\t\t\t\t\t\t\t\t\t\t\t\t\t\t\t<\/li>\r\n\t\t\t\t\t\t<\/ul>\r\n<\/div>\r\n<script>\r\n\tjQuery(function (){\r\n\t\tif(singleSlider_6.view !== 'carousel1'){\r\n\t\t\tjQuery('#slider_6').sliderPlugin({\r\n\t\t\t\tmaxWidth: singleSlider_6.width,\r\n\t\t\t\tmaxHeight: singleSlider_6.height,\r\n\t\t\t\ttransition: singleSlider_6.effect,\r\n\t\t\t\tcontrols: singleSlider_6.navigate_by,\r\n\t\t\t\tcropImage: hugeitSliderObj.crop_image,\r\n\t\t\t\tnavigation: hugeitSliderObj.show_arrows,\r\n\t\t\t\tdelay: +singleSlider_6.pause_time,\r\n\t\t\t\ttransitionDuration: +singleSlider_6.change_speed,\r\n\t\t\t\tpauseOnHover: singleSlider_6.pause_on_hover\r\n\t\t\t});\r\n\t\t} else {\r\n\t\t\tvar $pager = false,\r\n\t\t\t\t$thumb = false;\r\n\t\t\tswitch(singleSlider_6.navigate_by){\r\n\t\t\t\tcase 'dot':\r\n\t\t\t\t\t$pager = true;\r\n\t\t\t\t\t$thumb = false;\r\n\t\t\t\t\tbreak;\r\n\t\t\t\tcase 'thumbnail':\r\n\t\t\t\t\t$pager = true;\r\n\t\t\t\t\t$thumb = true;\r\n\t\t\t\t\tbreak;\r\n\t\t\t\tcase 'none':\r\n\t\t\t\t\t$pager = false;\r\n\t\t\t\t\t$thumb = false;\r\n\t\t\t\t\tbreak;\r\n\t\t\t}\r\n\r\n\t\t\tjQuery('#slider_6').lightSlider({\r\n\t\t\t\titem: +singleSlider_6.itemscount,\r\n\t\t\t\tpause: +singleSlider_6.pause_time,\r\n\t\t\t\tspeed: +singleSlider_6.change_speed,\r\n\t\t\t\tpager: $pager,\r\n\t\t\t\tgallery: $thumb,\r\n\t\t\t\tpauseOnHover: +singleSlider_6.pause_on_hover,\r\n\t\t\t\tthumbItem: +hugeitSliderObj.thumb_count_slides,\r\n\t\t\t\tcontrols: +hugeitSliderObj.show_arrows,\r\n\t\t\t\tmaxWidth: singleSlider_6.width,\r\n\t\t\t\tmaxHeight: singleSlider_6.height,\r\n\t\t\t\tdotsPos: hugeitSliderObj.navigation_position\r\n\t\t\t});\r\n\t\t}\r\n\t});\r\n<\/script><style>\r\n\r\nul#slider_6 {\r\n\tmargin: 0;\r\n\twidth: 100%;\r\n\theight: 100%;\r\n\tmax-width: 1000px;\r\n\tmax-height: 500px;\r\n\toverflow: visible;\r\n\tpadding: 0;\r\n}\r\n\r\n.slider_6 {\r\n\twidth: 100%;\r\n\theight: 100%;\r\n\tmax-width: 1000px;\r\n\tmax-height: 500px;\r\nmargin: 0 auto;}\r\n.huge-it-wrap:after,\r\n.huge-it-slider:after,\r\n.huge-it-thumb-wrap:after,\r\n.huge-it-arrows:after,\r\n.huge-it-caption:after {\r\n\tcontent: \".\";\r\n\tdisplay: block;\r\n\theight: 0;\r\n\tclear: both;\r\n\tline-height: 0;\r\n\tvisibility: hidden;\r\n}\r\n\r\n.video_cover, .playSlider, .pauseSlider, div[class*=playButton] {\r\n\tdisplay: none !important;\r\n}\r\n\r\n.huge-it-thumb-wrap .video_cover {\r\n\tdisplay: block !important;\r\n}\r\n\r\niframe.huge_it_vimeo_iframe {\r\n\theight: 500px;\r\n}\r\n\r\ndiv[class*=slider-loader-] {\r\n\tbackground: rgba(0, 0, 0, 0) url(https:\/\/ferienwohnung-in-buedingen.de\/wp-content\/plugins\/slider-image\/assets\/images\/front\/loading\/loading1.gif) no-repeat center;\r\n\theight: 90px;\r\n\toverflow: hidden;\r\n\tposition: absolute;\r\n\ttop: 205px;;\r\n\twidth: 1000px;;\r\n\tz-index: 3;\r\n}\r\n\r\n.huge-it-wrap {\r\n\topacity: 0;\r\n\tposition: relative;\r\n\tborder: 0px solid #ffffff;\r\n\t-webkit-border-radius: 0px;\r\n\t-moz-border-radius: 0px;\r\n\tborder-radius: 0px;\r\noverflow: hidden;;\r\n}\r\n\r\n.huge-it-slide-bg {\r\n\tbackground: rgba(255,255,255,1);\r\nheight: 100%}\r\n\r\n.huge-it-caption {\r\n\tposition: absolute;\r\n\tdisplay: block;\r\n}\r\n\r\n.huge-it-caption div {\r\n\tpadding: 10px 20px;\r\n\tline-height: normal;\r\n}\r\n\r\n.slider-title {\r\n\twidth: calc(30% - 20px);\r\n\tmargin: 10px;\r\n\tfont-size: 13px;\r\n\tcolor: #000000;\r\n\ttext-align: right;\r\n\tbackground: rgba(255,255,255,0.7);\r\n\tborder: 0px solid #ffffff;\r\n\tborder-radius: 4px;\r\nright: 0 !important; top: 0;}\r\n\r\n.slider-description {\r\n\twidth: calc(70% - 20px);\r\n\tmargin: 10px;\r\n\tfont-size: 13px;\r\n\tcolor: #ffffff;\r\n\ttext-align: justify;\r\n\tbackground: rgba(0,0,0,0.7);\r\n\r\n\r\n\tborder: 0px solid #ffffff;\r\n\tborder-radius: 0px;\r\nright: 0 !important; bottom: 0;}\r\n\r\n.slider_6 .huge-it-slider > li {\r\n\tlist-style: none;\r\n\tfilter: alpha(opacity=0);\r\n\topacity: 0;\r\n\twidth: 100%;\r\n\theight: 100%;\r\n\tmargin: 0 -100% 0 0;\r\n\tpadding: 0;\r\n\tfloat: left;\r\n\tposition: relative;\r\n;\r\n\toverflow: hidden;\r\n}\r\n\r\n.slider_6 .huge-it-slider > li > a {\r\n\tdisplay: block;\r\n\tpadding: 0;\r\n\tbackground: none;\r\n\t-webkit-border-radius: 0;\r\n\t-moz-border-radius: 0;\r\n\tborder-radius: 0;\r\n\twidth: 100%;\r\n\theight: 100%;\r\n}\r\n\r\n.slider_6 .huge-it-slider > li img {\r\n\tmax-width: 100%;\r\n\tmax-height: 100%;\r\n\tmargin: 0;\r\n\tcursor: pointer;\r\n}\r\n\r\n.slider_6 .huge-it-slide-bg, .slider_6 .huge-it-slider > li, .slider_6 .huge-it-slider > li > a, .slider_6 .huge-it-slider > li img {\r\n;\r\n}\r\n\r\n.huge-it-dot-wrap {\r\n\tposition: absolute;\r\ntop: 5px;height: 20px;\tleft: 50%;\r\n\ttransform: translateX(-50%);\r\n\tz-index: 999;\r\n}\r\n\r\n.huge-it-dot-wrap a {\r\n\t-webkit-border-radius: 8px;\r\n\t-moz-border-radius: 8px;\r\n\tborder-radius: 8px;\r\n\tcursor: pointer;\r\n\tdisplay: block;\r\n\tfloat: left;\r\n\theight: 11px;\r\n\tmargin: 2px !important;\r\n\tposition: relative;\r\n\ttext-align: left;\r\n\ttext-indent: 9999px;\r\n\twidth: 11px !important;\r\n\tbackground: #000000;\r\n\tbox-shadow: none;\r\n}\r\n\r\n.huge-it-dot-wrap a.active:focus, .huge-it-dot-wrap a:focus,\r\n.huge-it-thumb-wrap > a:focus, .huge-it-thumb-wrap > a.active:focus {\r\n\toutline: none;\r\n}\r\n\r\n.huge-it-dot-wrap a:hover {\r\n\tbackground: #000000;\r\n\tbox-shadow: none !important;\r\n}\r\n\r\n.huge-it-dot-wrap a.active {\r\n\tbackground: #ffffff;\r\n\tbox-shadow: none;\r\n}\r\n\r\n.huge-it-thumb-wrap {\r\n\tbackground: #ffffff;\r\n\theight: 105px ;\r\n\tmargin-left: 0;\r\n;\r\n}\r\n\r\n.huge-it-thumb-wrap a.active img {\r\n\tborder-radius: 5px;\r\n\topacity: 1;\r\n}\r\n\r\n.huge-it-thumb-wrap > a {\r\n\theight: 100px;\r\n\tdisplay: block;\r\n\tfloat: left;\r\n\tposition: relative;\r\n\t-moz-box-sizing: border-box;\r\n\t-webkit-box-sizing: border-box;\r\n\tbox-sizing: border-box;\r\n\tbackground: #ffffff;\r\n}\r\n\r\n.huge-it-thumb-wrap a img {\r\n\topacity: 1;\r\n\theight: 100px;\r\n\twidth: 100%;\r\n\tdisplay: block;\r\n\t-ms-interpolation-mode: bicubic;\r\n\tbox-shadow: none !important;\r\n}\r\n\r\na.thumb_arr {\r\n\tposition: absolute;\r\n\theight: 20px;\r\n\twidth: 15px;\r\n\tbottom: 40px;\r\n\tz-index: 100;\r\n\tbox-shadow: none;\r\n}\r\n\r\na.thumb_prev {\r\n\tleft: 5px;\r\n\twidth:15px;\r\n\theight:20px;\r\n\tbackground:url(https:\/\/ferienwohnung-in-buedingen.de\/wp-content\/plugins\/slider-image\/assets\/images\/front\/arrows\/arrows1.png) left  top no-repeat;\r\n\tbackground-size: 200%;\r\n}\r\n\r\na.thumb_next {\r\n\tright:5px;\r\n\twidth:15px;\r\n\theight:20px;\r\n\tbackground:url(https:\/\/ferienwohnung-in-buedingen.de\/wp-content\/plugins\/slider-image\/assets\/images\/front\/arrows\/arrows1.png) right  top no-repeat;\r\n\tbackground-size: 200%;\r\n}\r\n\r\n.huge-it-grid {\r\n\tposition: absolute;\r\n\toverflow: hidden;\r\n\twidth: 100%;\r\n\theight: 100%;\r\n\tdisplay: none;\r\n}\r\n\r\n.huge-it-gridlet {\r\n\tposition: absolute;\r\n\topacity: 1;\r\n}\r\n\r\n.huge-it-arrows .huge-it-next,\r\n.huge-it-arrows .huge-it-prev {\r\n\tz-index: 1;\r\n}\r\n\r\n.huge-it-arrows:hover .huge-it-next,\r\n.huge-it-arrows:hover .huge-it-prev {\r\n\tz-index: 2;\r\n}\r\n\r\n.huge-it-arrows {\r\n\tcursor: pointer;\r\n\theight: 40px;\r\n\tmargin-top: -20px;\r\n\tposition: absolute;\r\n\ttop: 50%;\r\n\t\/*transform: translateY(-50%);*\/\r\n\twidth: 40px;\r\n\tz-index: 2;\r\n\tcolor: rgba(0, 0, 0, 0);\r\n\toutline: none;\r\n\tbox-shadow: none !important;\r\n}\r\n\r\n.huge-it-arrows:hover, .huge-it-arrows:active, .huge-it-arrows:focus,\r\n.huge-it-dot-wrap a:hover, .huge-it-dot-wrap a:active, .huge-it-dot-wrap a:focus {\r\n\toutline: none;\r\n\tbox-shadow: none !important;\r\n}\r\n\r\n.ts-arrow:hover {\r\n\topacity: .95;\r\n\ttext-decoration: none;\r\n}\r\n\r\n.huge-it-prev {\r\n\tleft:0;\r\n\tmargin-top:-21px;\r\n\theight:43px;\r\n\twidth:29px;\r\n\tbackground:url(https:\/\/ferienwohnung-in-buedingen.de\/wp-content\/plugins\/slider-image\/assets\/images\/front\/arrows\/arrows1.png) left  top no-repeat;\r\n\tbackground-size: 200%;\r\n}\r\n\r\n.huge-it-next {\r\n\tright:0;\r\n\tmargin-top:-21px;\r\n\theight:43px;\r\n\twidth:29px;\r\n\tbackground:url(https:\/\/ferienwohnung-in-buedingen.de\/wp-content\/plugins\/slider-image\/assets\/images\/front\/arrows\/arrows1.png) right top no-repeat;\r\n\tbackground-size: 200%;\r\n\r\n}\r\n<\/style>\r\n<\/strong><\/span><\/p>\n<p><span style=\"font-family: arial,helvetica,sans-serif; color: #000000;\"><strong>Ferienwohnung auf der ersten Etage der Jugendstilvilla mit Balkon in B\u00fcdingen<\/strong><\/span><\/p>\n<p><span style=\"font-family: arial,helvetica,sans-serif; color: #000000;\"><a href=\"http:\/\/ferienwohnung-in-buedingen.de\/wohnung-2\"><strong>zu Wohnung 2<\/strong><\/a><br \/>\n<\/span><\/p>\n<p><span style=\"font-family: arial,helvetica,sans-serif; color: #000000;\">In dieser 2-Zimmer-Wohnung k\u00f6nnen bequem <strong>vier Personen<\/strong> wohnen, mit zwei Zustellbetten sogar bis zu <strong>sechs Personen<\/strong>. Es gibt ein separates Schlafzimmer und ein Wohn-Schlafzimmer. Das gro\u00dfz\u00fcgige Schlafzimmer ist mit einem <strong>160 x 200 Doppelbett<\/strong> mit je einer Leselampe und Kleiderschrank ausgestattet und verf\u00fcgt \u00fcber einen blickdichten Vorhang zum Verdunkeln. Zudem besteht hier die M\u00f6glichkeit, ein Einzelbett hinzu zu stellen. Im Wohnzimmer besteht ebenfalls die M\u00f6glichkeit, zu dem bereits vorhandenen <strong>135 x 190 Schlafsofa<\/strong> ein <strong>Einzelbett<\/strong> unterzubringen. Die Wohnungseinrichtung entspricht gehobenen Anspr\u00fcchen: Das gro\u00dfz\u00fcgige, lichtdurchflutete Wohn-Esszimmer verf\u00fcgt \u00fcber ein Schlafsofa, Sat.-TV mit Flachbildschirm, Esstisch mit bis zu sechs St\u00fchlen, einen Schrank mit geschlossenen gro\u00dfen F\u00e4chern zur Unterbringung Ihrer privaten Gegenst\u00e4nde sowie einem offenen Teil und einem Regalteil hinter Glast\u00fcren. Die voll ausgestattete K\u00fcche mit K\u00fchlschrank inklusive Eisfach, Herd mit Ceranfeld und Backofen sowie Dunstabzugshaube, Mikrowelle, Wasserkocher, Kaffeemaschine, Espressokocher, Toaster, nat\u00fcrlich auch Geschirr, Besteck und T\u00f6pfe usw. l\u00e4sst keine W\u00fcnsche offen. Das sehr gro\u00dfz\u00fcgige und helle <strong>Tageslichtbad ist mit Badewanne, separater Dusche<\/strong>, Spiegelschrank, F\u00f6hn sowie Waschmaschine und einem Seifenspender ausgestattet. In der Wohnung sind Kehrschaufel und Besen sowie Staubsauger vorhanden.<\/span><br \/>\n<span style=\"font-family: arial,helvetica,sans-serif; color: #000000;\"> Es handelt sich um eine <strong>Nichtraucher<\/strong>wohnung (drau\u00dfen darf nat\u00fcrlich geraucht werden). WLAN ist gegen Aufpreis verf\u00fcgbar. Haustiere sind nicht zugelassen.<\/span><br \/>\n<span style=\"font-family: arial,helvetica,sans-serif; color: #000000;\"> Zu dieser Wohnung im ersten Obergeschoss geh\u00f6rt ein <strong>Balkon<\/strong>, von dem aus Sie in Richtung Garten auf die Wiese, Str\u00e4ucher und B\u00e4ume blicken. Dieser Balkon ist exklusiv den Ferieng\u00e4sten der Wohnung zugeordnet. Hier stehen in der warmen Jahreszeit ein kleiner runder Gartentisch und zwei St\u00fchle bereit<strong>.<\/strong><\/span><\/p>\n<p><span style=\"font-family: arial,helvetica,sans-serif;\"><a href=\"http:\/\/ferienwohnung-in-buedingen.de\/wohnung-1-2\">Wohnung1<\/a>\u00a0\u00a0 <a href=\"http:\/\/ferienwohnung-in-buedingen.de\/wohnung-2\">Wohnung2<\/a>\u00a0\u00a0 <a href=\"http:\/\/ferienwohnung-in-buedingen.de\/wohnung-3\">Wohnung3<\/a>\u00a0\u00a0 <a href=\"http:\/\/ferienwohnung-in-buedingen.de\/bad-kissingen\">Wohnung4<\/a>\u00a0\u00a0 <a href=\"http:\/\/ferienwohnung-in-buedingen.de\/kontakt\">Kontakt<\/a>\u00a0\u00a0 <a href=\"http:\/\/ferienwohnung-in-buedingen.de\/preise\">Preise<\/a> \u00a0 <a href=\"http:\/\/ferienwohnung-in-buedingen.de\/buedingen\">B\u00fcdingen<\/a> \u00a0 <a href=\"http:\/\/ferienwohnung-in-buedingen.de\/wohnung-1\">Villa am Schlosspark<\/a>\u00a0\u00a0 <a href=\"http:\/\/ferienwohnung-in-buedingen.de\/\">Startseite<\/a><\/span><\/p>","protected":false},"excerpt":{"rendered":"<p>Ferienwohnung auf der ersten Etage der Jugendstilvilla mit Balkon in B\u00fcdingen zu Wohnung 2 In dieser 2-Zimmer-Wohnung k\u00f6nnen bequem vier Personen wohnen, [&hellip;]<\/p>\n","protected":false},"author":1,"featured_media":0,"parent":0,"menu_order":0,"comment_status":"closed","ping_status":"closed","template":"","meta":{"footnotes":""},"class_list":["post-125","page","type-page","status-publish","hentry"],"aioseo_notices":[],"yoast_head":"<!-- This site is optimized with the Yoast SEO plugin v19.9 - https:\/\/yoast.com\/wordpress\/plugins\/seo\/ -->\n<title>Wohnung 1<\/title>\n<meta name=\"description\" content=\"Wohnung 1 Ferienwohnung auf der ersten Etage der Jugendstilvilla mit Balkon in B\u00fcdingen In dieser 2-Zimmer\" \/>\n<meta name=\"robots\" content=\"index, follow, max-snippet:-1, max-image-preview:large, max-video-preview:-1\" \/>\n<link rel=\"canonical\" href=\"https:\/\/ferienwohnung-in-buedingen.de\/en\/wohnung-1-2\" \/>\n<meta property=\"og:locale\" content=\"en_US\" \/>\n<meta property=\"og:type\" content=\"article\" \/>\n<meta property=\"og:title\" content=\"Wohnung 1\" \/>\n<meta property=\"og:description\" content=\"Wohnung 1 Ferienwohnung auf der ersten Etage der Jugendstilvilla mit Balkon in B\u00fcdingen In dieser 2-Zimmer\" \/>\n<meta property=\"og:url\" content=\"https:\/\/ferienwohnung-in-buedingen.de\/en\/wohnung-1-2\" \/>\n<meta property=\"og:site_name\" content=\"(Deutsch) Ferienwohnungen in B\u00fcdingen\" \/>\n<meta property=\"article:modified_time\" content=\"2018-05-30T19:51:32+00:00\" \/>\n<meta name=\"twitter:card\" content=\"summary_large_image\" \/>\n<meta name=\"twitter:label1\" content=\"Est. reading time\" \/>\n\t<meta name=\"twitter:data1\" content=\"3 minutes\" \/>\n<script type=\"application\/ld+json\" class=\"yoast-schema-graph\">{\"@context\":\"https:\/\/schema.org\",\"@graph\":[{\"@type\":\"WebPage\",\"@id\":\"https:\/\/ferienwohnung-in-buedingen.de\/en\/wohnung-1-2\",\"url\":\"https:\/\/ferienwohnung-in-buedingen.de\/en\/wohnung-1-2\",\"name\":\"Wohnung 1\",\"isPartOf\":{\"@id\":\"https:\/\/ferienwohnung-in-buedingen.de\/#website\"},\"datePublished\":\"2017-05-10T11:03:19+00:00\",\"dateModified\":\"2018-05-30T19:51:32+00:00\",\"description\":\"Wohnung 1 Ferienwohnung auf der ersten Etage der Jugendstilvilla mit Balkon in B\u00fcdingen In dieser 2-Zimmer\",\"breadcrumb\":{\"@id\":\"https:\/\/ferienwohnung-in-buedingen.de\/en\/wohnung-1-2#breadcrumb\"},\"inLanguage\":\"en-US\",\"potentialAction\":[{\"@type\":\"ReadAction\",\"target\":[\"https:\/\/ferienwohnung-in-buedingen.de\/en\/wohnung-1-2\"]}]},{\"@type\":\"BreadcrumbList\",\"@id\":\"https:\/\/ferienwohnung-in-buedingen.de\/en\/wohnung-1-2#breadcrumb\",\"itemListElement\":[{\"@type\":\"ListItem\",\"position\":1,\"name\":\"Startseite\",\"item\":\"https:\/\/ferienwohnung-in-buedingen.de\/\"},{\"@type\":\"ListItem\",\"position\":2,\"name\":\"Wohnung 1\"}]},{\"@type\":\"WebSite\",\"@id\":\"https:\/\/ferienwohnung-in-buedingen.de\/#website\",\"url\":\"https:\/\/ferienwohnung-in-buedingen.de\/\",\"name\":\"(Deutsch) Ferienwohnungen in B\u00fcdingen\",\"description\":\"(Deutsch) 3 Wohnungen in gehobener Ausstattung mitten in der Stadt B\u00fcdingen: Wohnen am Schlosspark und Ambiente Mediterran\",\"potentialAction\":[{\"@type\":\"SearchAction\",\"target\":{\"@type\":\"EntryPoint\",\"urlTemplate\":\"https:\/\/ferienwohnung-in-buedingen.de\/?s={search_term_string}\"},\"query-input\":\"required name=search_term_string\"}],\"inLanguage\":\"en-US\"}]}<\/script>\n<!-- \/ Yoast SEO plugin. -->","yoast_head_json":{"title":"Wohnung 1","description":"Wohnung 1 Ferienwohnung auf der ersten Etage der Jugendstilvilla mit Balkon in B\u00fcdingen In dieser 2-Zimmer","robots":{"index":"index","follow":"follow","max-snippet":"max-snippet:-1","max-image-preview":"max-image-preview:large","max-video-preview":"max-video-preview:-1"},"canonical":"https:\/\/ferienwohnung-in-buedingen.de\/en\/wohnung-1-2","og_locale":"en_US","og_type":"article","og_title":"Wohnung 1","og_description":"Wohnung 1 Ferienwohnung auf der ersten Etage der Jugendstilvilla mit Balkon in B\u00fcdingen In dieser 2-Zimmer","og_url":"https:\/\/ferienwohnung-in-buedingen.de\/en\/wohnung-1-2","og_site_name":"(Deutsch) Ferienwohnungen in B\u00fcdingen","article_modified_time":"2018-05-30T19:51:32+00:00","twitter_card":"summary_large_image","twitter_misc":{"Est. reading time":"3 minutes"},"schema":{"@context":"https:\/\/schema.org","@graph":[{"@type":"WebPage","@id":"https:\/\/ferienwohnung-in-buedingen.de\/en\/wohnung-1-2","url":"https:\/\/ferienwohnung-in-buedingen.de\/en\/wohnung-1-2","name":"Wohnung 1","isPartOf":{"@id":"https:\/\/ferienwohnung-in-buedingen.de\/#website"},"datePublished":"2017-05-10T11:03:19+00:00","dateModified":"2018-05-30T19:51:32+00:00","description":"Wohnung 1 Ferienwohnung auf der ersten Etage der Jugendstilvilla mit Balkon in B\u00fcdingen In dieser 2-Zimmer","breadcrumb":{"@id":"https:\/\/ferienwohnung-in-buedingen.de\/en\/wohnung-1-2#breadcrumb"},"inLanguage":"en-US","potentialAction":[{"@type":"ReadAction","target":["https:\/\/ferienwohnung-in-buedingen.de\/en\/wohnung-1-2"]}]},{"@type":"BreadcrumbList","@id":"https:\/\/ferienwohnung-in-buedingen.de\/en\/wohnung-1-2#breadcrumb","itemListElement":[{"@type":"ListItem","position":1,"name":"Startseite","item":"https:\/\/ferienwohnung-in-buedingen.de\/"},{"@type":"ListItem","position":2,"name":"Wohnung 1"}]},{"@type":"WebSite","@id":"https:\/\/ferienwohnung-in-buedingen.de\/#website","url":"https:\/\/ferienwohnung-in-buedingen.de\/","name":"(Deutsch) Ferienwohnungen in B\u00fcdingen","description":"(Deutsch) 3 Wohnungen in gehobener Ausstattung mitten in der Stadt B\u00fcdingen: Wohnen am Schlosspark und Ambiente Mediterran","potentialAction":[{"@type":"SearchAction","target":{"@type":"EntryPoint","urlTemplate":"https:\/\/ferienwohnung-in-buedingen.de\/?s={search_term_string}"},"query-input":"required name=search_term_string"}],"inLanguage":"en-US"}]}},"_links":{"self":[{"href":"https:\/\/ferienwohnung-in-buedingen.de\/en\/wp-json\/wp\/v2\/pages\/125","targetHints":{"allow":["GET"]}}],"collection":[{"href":"https:\/\/ferienwohnung-in-buedingen.de\/en\/wp-json\/wp\/v2\/pages"}],"about":[{"href":"https:\/\/ferienwohnung-in-buedingen.de\/en\/wp-json\/wp\/v2\/types\/page"}],"author":[{"embeddable":true,"href":"https:\/\/ferienwohnung-in-buedingen.de\/en\/wp-json\/wp\/v2\/users\/1"}],"replies":[{"embeddable":true,"href":"https:\/\/ferienwohnung-in-buedingen.de\/en\/wp-json\/wp\/v2\/comments?post=125"}],"version-history":[{"count":26,"href":"https:\/\/ferienwohnung-in-buedingen.de\/en\/wp-json\/wp\/v2\/pages\/125\/revisions"}],"predecessor-version":[{"id":577,"href":"https:\/\/ferienwohnung-in-buedingen.de\/en\/wp-json\/wp\/v2\/pages\/125\/revisions\/577"}],"wp:attachment":[{"href":"https:\/\/ferienwohnung-in-buedingen.de\/en\/wp-json\/wp\/v2\/media?parent=125"}],"curies":[{"name":"wp","href":"https:\/\/api.w.org\/{rel}","templated":true}]}}