{"id":11,"date":"2017-05-08T10:49:49","date_gmt":"2017-05-08T10:49:49","guid":{"rendered":"http:\/\/ferienwohnung-in-buedingen.de\/?page_id=11"},"modified":"2018-05-30T19:48:19","modified_gmt":"2018-05-30T19:48:19","slug":"buedingen","status":"publish","type":"page","link":"https:\/\/ferienwohnung-in-buedingen.de\/en\/buedingen","title":{"rendered":"B\u00fcdingen"},"content":{"rendered":"<p><span style=\"font-family: arial,helvetica,sans-serif; font-size: 12pt; color: #000000;\">Die Stadt B\u00fcdingen ist in der atemberaubenden, sehr waldreichen Landschaft der Wetterau am Fu\u00dfe des Vogelsberg in Hessen gelegen und bietet jede Menge abwechslungsreiche Wander- und Radm\u00f6glichkeiten am Vogelsberg. \u00dcberregional ist die Stadt durch ihre mittelalterliche Altstadt mit Schloss bekannt, welche zu den besterhaltenen Stadtanlagen Europas z\u00e4hlt.<\/span><\/p>\n<p><span style=\"font-family: arial,helvetica,sans-serif; font-size: 12pt; color: #000000;\">Neben der besterhaltenen mittelalterlichen Altstadt Europas wartet B\u00fcdingen zudem mit zahlreichen kulturellen und historischen Attraktionen und Sehensw\u00fcrdigkeiten auf.<\/span><\/p>\n<p><span style=\"font-family: arial,helvetica,sans-serif; font-size: 12pt; color: #000000;\">Beliebte Besuchermagneten sind beispielsweise der Wildpark, das beeindruckende \u201eB\u00fcdingener Schloss\u201c mit Schlosspark, die mittelalterliche Befestigungsanlage mit der Stadtmauer, den Stadttoren und den Wehrt\u00fcrmen, das \u201eUntertor\u201c, das \u201eSteinerne Haus\u201c, das historische Rathaus, das \u201eMetzgermuseum\u201c im \u201eSchlaghaus\u201c, das \u201eSchlossmuseum\u201c, das \u201eHeuson-Museum\u201c, ein \u201e50er-Jahre-Museum\u201c und zahlreiche weitere Highlights. Verbringen auch Sie einen herrlichen und unvergesslichen Urlaub in einer privaten Ferienwohnung oder einem Ferienhaus in B\u00fcdingen und der traumhaften Landschaft der Wetterau!<\/span><\/p>\n<p><span style=\"font-family: arial,helvetica,sans-serif; font-size: 12pt; color: #000000;\">B\u00fcdingen entstand vor 800 Jahren um eine Wasserburg im Schutz des ehemaligen Reichsforstes der Staufenkaiser. Die Burg, der Wohnsitz der F\u00fcrsten zu Ysenburg und B\u00fcdingen, beherrscht mit ihren m\u00e4chtigen Mauern und T\u00fcrmen eine im Prinzip noch heute sp\u00e4tgotische Stadt, die zu den sch\u00f6nsten in ganz Hessen geh\u00f6rt. Inmitten einer reizvollen Landschaft am Ufer des Seemenbaches, liegt die turm- und mauerbewehrte hessische Kleinstadt B\u00fcdingen Die vollst\u00e4ndig erhaltene Stadtmauer, mit dem Jerusalemer Tor, dem gro\u00dfen Bollwerk, dem Hexenturm und den \u00fcbrigen Verteidigungst\u00fcrmen sowie dem Stauffer-Schlo\u00df des F\u00fcrsten zu Ysenburg und B\u00fcdingen bestimmen das Bild der historischen Stadt mit ihren Fachwerkh\u00e4usern.<\/span><\/p>\n<p><span style=\"font-family: arial,helvetica,sans-serif;\"><a href=\"http:\/\/ferienwohnung-in-buedingen.de\/wohnung-1-2\">Wohnung1<\/a>\u00a0\u00a0 <a href=\"http:\/\/ferienwohnung-in-buedingen.de\/wohnung-2\">Wohnung2<\/a>\u00a0\u00a0 <a href=\"http:\/\/ferienwohnung-in-buedingen.de\/wohnung-3\">Wohnung3<\/a>\u00a0\u00a0 <a href=\"http:\/\/ferienwohnung-in-buedingen.de\/bad-kissingen\">Wohnung4<\/a>\u00a0\u00a0 <a href=\"http:\/\/ferienwohnung-in-buedingen.de\/kontakt\">Kontakt<\/a>\u00a0\u00a0 <a href=\"http:\/\/ferienwohnung-in-buedingen.de\/preise\">Preise<\/a> \u00a0 <a href=\"http:\/\/ferienwohnung-in-buedingen.de\/buedingen\">B\u00fcdingen<\/a> \u00a0 <a href=\"http:\/\/ferienwohnung-in-buedingen.de\/wohnung-1\">Villa am Schlosspark<\/a> <a href=\"http:\/\/ferienwohnung-in-buedingen.de\/\">Startseite<\/a>\u00a0\u00a0 <a href=\"http:\/\/ferienwohnung-in-buedingen.de\/anfahrt\">Anfahrt<\/a><\/span><\/p>","protected":false},"excerpt":{"rendered":"<p>Die Stadt B\u00fcdingen ist in der atemberaubenden, sehr waldreichen Landschaft der Wetterau am Fu\u00dfe des Vogelsberg in Hessen gelegen und bietet jede [&hellip;]<\/p>\n","protected":false},"author":1,"featured_media":4,"parent":0,"menu_order":0,"comment_status":"closed","ping_status":"closed","template":"","meta":{"footnotes":""},"class_list":["post-11","page","type-page","status-publish","has-post-thumbnail","hentry"],"aioseo_notices":[],"yoast_head":"<!-- This site is optimized with the Yoast SEO plugin v19.9 - https:\/\/yoast.com\/wordpress\/plugins\/seo\/ -->\n<title>B\u00fcdingen<\/title>\n<meta name=\"description\" content=\"Die Stadt B\u00fcdingen ist in der waldreichen Landschaft der Wetterau am Fu\u00dfe des Vogelsberg in Hessen gelegen und bietet Wander- und Radm\u00f6glichkeiten\" \/>\n<meta name=\"robots\" content=\"index, follow, max-snippet:-1, max-image-preview:large, max-video-preview:-1\" \/>\n<link rel=\"canonical\" href=\"https:\/\/ferienwohnung-in-buedingen.de\/buedingen\" \/>\n<meta property=\"og:locale\" content=\"en_US\" \/>\n<meta property=\"og:type\" content=\"article\" \/>\n<meta property=\"og:title\" content=\"B\u00fcdingen\" \/>\n<meta property=\"og:description\" content=\"Die Stadt B\u00fcdingen ist in der waldreichen Landschaft der Wetterau am Fu\u00dfe des Vogelsberg in Hessen gelegen und bietet Wander- und Radm\u00f6glichkeiten\" \/>\n<meta property=\"og:url\" content=\"https:\/\/ferienwohnung-in-buedingen.de\/buedingen\" \/>\n<meta property=\"og:site_name\" content=\"(Deutsch) Ferienwohnungen in B\u00fcdingen\" \/>\n<meta property=\"article:modified_time\" content=\"2018-05-30T19:48:19+00:00\" \/>\n<meta property=\"og:image\" content=\"https:\/\/ferienwohnung-in-buedingen.de\/wp-content\/uploads\/2017\/05\/espresso.jpg\" \/>\n\t<meta property=\"og:image:width\" content=\"2000\" \/>\n\t<meta property=\"og:image:height\" content=\"1200\" \/>\n\t<meta property=\"og:image:type\" content=\"image\/jpeg\" \/>\n<meta name=\"twitter:card\" content=\"summary_large_image\" \/>\n<meta name=\"twitter:label1\" content=\"Est. reading time\" \/>\n\t<meta name=\"twitter:data1\" content=\"3 minutes\" \/>\n<script type=\"application\/ld+json\" class=\"yoast-schema-graph\">{\"@context\":\"https:\/\/schema.org\",\"@graph\":[{\"@type\":\"WebPage\",\"@id\":\"https:\/\/ferienwohnung-in-buedingen.de\/buedingen\",\"url\":\"https:\/\/ferienwohnung-in-buedingen.de\/buedingen\",\"name\":\"B\u00fcdingen\",\"isPartOf\":{\"@id\":\"https:\/\/ferienwohnung-in-buedingen.de\/#website\"},\"datePublished\":\"2017-05-08T10:49:49+00:00\",\"dateModified\":\"2018-05-30T19:48:19+00:00\",\"description\":\"Die Stadt B\u00fcdingen ist in der waldreichen Landschaft der Wetterau am Fu\u00dfe des Vogelsberg in Hessen gelegen und bietet Wander- und Radm\u00f6glichkeiten\",\"breadcrumb\":{\"@id\":\"https:\/\/ferienwohnung-in-buedingen.de\/buedingen#breadcrumb\"},\"inLanguage\":\"en-US\",\"potentialAction\":[{\"@type\":\"ReadAction\",\"target\":[\"https:\/\/ferienwohnung-in-buedingen.de\/buedingen\"]}]},{\"@type\":\"BreadcrumbList\",\"@id\":\"https:\/\/ferienwohnung-in-buedingen.de\/buedingen#breadcrumb\",\"itemListElement\":[{\"@type\":\"ListItem\",\"position\":1,\"name\":\"Startseite\",\"item\":\"https:\/\/ferienwohnung-in-buedingen.de\/\"},{\"@type\":\"ListItem\",\"position\":2,\"name\":\"B\u00fcdingen\"}]},{\"@type\":\"WebSite\",\"@id\":\"https:\/\/ferienwohnung-in-buedingen.de\/#website\",\"url\":\"https:\/\/ferienwohnung-in-buedingen.de\/\",\"name\":\"(Deutsch) Ferienwohnungen in B\u00fcdingen\",\"description\":\"(Deutsch) 3 Wohnungen in gehobener Ausstattung mitten in der Stadt B\u00fcdingen: Wohnen am Schlosspark und Ambiente Mediterran\",\"potentialAction\":[{\"@type\":\"SearchAction\",\"target\":{\"@type\":\"EntryPoint\",\"urlTemplate\":\"https:\/\/ferienwohnung-in-buedingen.de\/?s={search_term_string}\"},\"query-input\":\"required name=search_term_string\"}],\"inLanguage\":\"en-US\"}]}<\/script>\n<!-- \/ Yoast SEO plugin. -->","yoast_head_json":{"title":"B\u00fcdingen","description":"Die Stadt B\u00fcdingen ist in der waldreichen Landschaft der Wetterau am Fu\u00dfe des Vogelsberg in Hessen gelegen und bietet Wander- und Radm\u00f6glichkeiten","robots":{"index":"index","follow":"follow","max-snippet":"max-snippet:-1","max-image-preview":"max-image-preview:large","max-video-preview":"max-video-preview:-1"},"canonical":"https:\/\/ferienwohnung-in-buedingen.de\/buedingen","og_locale":"en_US","og_type":"article","og_title":"B\u00fcdingen","og_description":"Die Stadt B\u00fcdingen ist in der waldreichen Landschaft der Wetterau am Fu\u00dfe des Vogelsberg in Hessen gelegen und bietet Wander- und Radm\u00f6glichkeiten","og_url":"https:\/\/ferienwohnung-in-buedingen.de\/buedingen","og_site_name":"(Deutsch) Ferienwohnungen in B\u00fcdingen","article_modified_time":"2018-05-30T19:48:19+00:00","og_image":[{"width":2000,"height":1200,"url":"https:\/\/ferienwohnung-in-buedingen.de\/wp-content\/uploads\/2017\/05\/espresso.jpg","type":"image\/jpeg"}],"twitter_card":"summary_large_image","twitter_misc":{"Est. reading time":"3 minutes"},"schema":{"@context":"https:\/\/schema.org","@graph":[{"@type":"WebPage","@id":"https:\/\/ferienwohnung-in-buedingen.de\/buedingen","url":"https:\/\/ferienwohnung-in-buedingen.de\/buedingen","name":"B\u00fcdingen","isPartOf":{"@id":"https:\/\/ferienwohnung-in-buedingen.de\/#website"},"datePublished":"2017-05-08T10:49:49+00:00","dateModified":"2018-05-30T19:48:19+00:00","description":"Die Stadt B\u00fcdingen ist in der waldreichen Landschaft der Wetterau am Fu\u00dfe des Vogelsberg in Hessen gelegen und bietet Wander- und Radm\u00f6glichkeiten","breadcrumb":{"@id":"https:\/\/ferienwohnung-in-buedingen.de\/buedingen#breadcrumb"},"inLanguage":"en-US","potentialAction":[{"@type":"ReadAction","target":["https:\/\/ferienwohnung-in-buedingen.de\/buedingen"]}]},{"@type":"BreadcrumbList","@id":"https:\/\/ferienwohnung-in-buedingen.de\/buedingen#breadcrumb","itemListElement":[{"@type":"ListItem","position":1,"name":"Startseite","item":"https:\/\/ferienwohnung-in-buedingen.de\/"},{"@type":"ListItem","position":2,"name":"B\u00fcdingen"}]},{"@type":"WebSite","@id":"https:\/\/ferienwohnung-in-buedingen.de\/#website","url":"https:\/\/ferienwohnung-in-buedingen.de\/","name":"(Deutsch) Ferienwohnungen in B\u00fcdingen","description":"(Deutsch) 3 Wohnungen in gehobener Ausstattung mitten in der Stadt B\u00fcdingen: Wohnen am Schlosspark und Ambiente Mediterran","potentialAction":[{"@type":"SearchAction","target":{"@type":"EntryPoint","urlTemplate":"https:\/\/ferienwohnung-in-buedingen.de\/?s={search_term_string}"},"query-input":"required name=search_term_string"}],"inLanguage":"en-US"}]}},"_links":{"self":[{"href":"https:\/\/ferienwohnung-in-buedingen.de\/en\/wp-json\/wp\/v2\/pages\/11","targetHints":{"allow":["GET"]}}],"collection":[{"href":"https:\/\/ferienwohnung-in-buedingen.de\/en\/wp-json\/wp\/v2\/pages"}],"about":[{"href":"https:\/\/ferienwohnung-in-buedingen.de\/en\/wp-json\/wp\/v2\/types\/page"}],"author":[{"embeddable":true,"href":"https:\/\/ferienwohnung-in-buedingen.de\/en\/wp-json\/wp\/v2\/users\/1"}],"replies":[{"embeddable":true,"href":"https:\/\/ferienwohnung-in-buedingen.de\/en\/wp-json\/wp\/v2\/comments?post=11"}],"version-history":[{"count":14,"href":"https:\/\/ferienwohnung-in-buedingen.de\/en\/wp-json\/wp\/v2\/pages\/11\/revisions"}],"predecessor-version":[{"id":571,"href":"https:\/\/ferienwohnung-in-buedingen.de\/en\/wp-json\/wp\/v2\/pages\/11\/revisions\/571"}],"wp:featuredmedia":[{"embeddable":true,"href":"https:\/\/ferienwohnung-in-buedingen.de\/en\/wp-json\/wp\/v2\/media\/4"}],"wp:attachment":[{"href":"https:\/\/ferienwohnung-in-buedingen.de\/en\/wp-json\/wp\/v2\/media?parent=11"}],"curies":[{"name":"wp","href":"https:\/\/api.w.org\/{rel}","templated":true}]}}