{"id":10,"date":"2017-05-08T10:49:49","date_gmt":"2017-05-08T10:49:49","guid":{"rendered":"http:\/\/ferienwohnung-in-buedingen.de\/?page_id=10"},"modified":"2017-11-16T10:22:50","modified_gmt":"2017-11-16T10:22:50","slug":"willkommen","status":"publish","type":"page","link":"https:\/\/ferienwohnung-in-buedingen.de\/en\/","title":{"rendered":"Willkommen"},"content":{"rendered":"<p><span style=\"color: #000000; font-size: 12pt; font-family: arial,helvetica,sans-serif;\">Wir bieten Ihnen vier liebevoll eingerichtete helle Ferienwohnungen mit gehobener Ausstattung an. Drei davon befinden sich in der sch\u00f6nen mittelalterlichen Stadt B\u00fcdingen in Hessen. Die vierte Ferienwohnung liegt in der Kurstadt Bad Kissingen in Bayern. Alle Wohnungen sind zentral gelegen. Sie erreichen in wenigen Minuten fu\u00dfl\u00e4ufig die Innenstadt. Es gibt gute Parkm\u00f6glichkeiten.<br \/>\n<\/span><\/p>\n<ul>\n<li><span style=\"color: #000000; font-size: 12pt; font-family: arial,helvetica,sans-serif;\">Fewo 1: Am Hain 10, 63654 B\u00fcdingen (2-Zimmer-Wohnung im Obergeschoss einer Jugendstilvilla, &#8220;Wohnen am Schlosspark&#8221;)<\/span><\/li>\n<li><span style=\"color: #000000; font-size: 12pt; font-family: arial,helvetica,sans-serif;\">Fewo 2: Am Hain 10, 63654 B\u00fcdingen (3-Zimmer-Wohnung im Erdgeschoss einer Jugendstilvilla, &#8220;Wohnen am Schlosspark&#8221;)<\/span><\/li>\n<li><span style=\"color: #000000; font-size: 12pt; font-family: arial,helvetica,sans-serif;\">Fewo 3:\u00a0Orlesh\u00e4user Stra\u00dfe 8, 63654 B\u00fcdingen (2-Zimmer-Wohnung im 3. OG eines modernen Mehrfamilienhauses, &#8220;Ambiente Mediterran&#8221;)<\/span><\/li>\n<li><span style=\"color: #000000; font-size: 12pt; font-family: arial,helvetica,sans-serif;\">Fewo 4: Pfalzstra\u00dfe 31, 97688 Bad Kissingen (4-Zimmer-Wohnung im 3. OG eines neu sanierten Mehrfamilienhauses)<\/span><\/li>\n<\/ul>\n<p><span style=\"font-family: arial,helvetica,sans-serif;\"><a href=\"http:\/\/ferienwohnung-in-buedingen.de\/wohnung-1-2\">Wohnung1<\/a>\u00a0\u00a0 <a href=\"http:\/\/ferienwohnung-in-buedingen.de\/wohnung-2\">Wohnung2<\/a>\u00a0\u00a0 <a href=\"http:\/\/ferienwohnung-in-buedingen.de\/wohnung-3\">Wohnung3<\/a>\u00a0\u00a0 <a href=\"http:\/\/ferienwohnung-in-buedingen.de\/bad-kissingen\">Wohnung4<\/a>\u00a0\u00a0 <a href=\"http:\/\/ferienwohnung-in-buedingen.de\/kontakt\">Kontakt<\/a>\u00a0\u00a0 <a href=\"http:\/\/ferienwohnung-in-buedingen.de\/preise\">Preise<\/a> \u00a0 <a href=\"http:\/\/ferienwohnung-in-buedingen.de\/buedingen\">B\u00fcdingen<\/a> \u00a0 <a href=\"http:\/\/ferienwohnung-in-buedingen.de\/wohnung-1\">Villa am Schlosspark<\/a>\u00a0\u00a0 <a href=\"http:\/\/ferienwohnung-in-buedingen.de\/\">Startseite<\/a><\/span><\/p>","protected":false},"excerpt":{"rendered":"<p>Wir bieten Ihnen vier liebevoll eingerichtete helle Ferienwohnungen mit gehobener Ausstattung an. Drei davon befinden sich in der sch\u00f6nen mittelalterlichen Stadt B\u00fcdingen [&hellip;]<\/p>\n","protected":false},"author":1,"featured_media":6,"parent":0,"menu_order":0,"comment_status":"closed","ping_status":"closed","template":"","meta":{"footnotes":""},"class_list":["post-10","page","type-page","status-publish","has-post-thumbnail","hentry"],"aioseo_notices":[],"yoast_head":"<!-- This site is optimized with the Yoast SEO plugin v19.9 - https:\/\/yoast.com\/wordpress\/plugins\/seo\/ -->\n<title>Willkommen Unsere Fewos Am Schlosspark B\u00fcdingen<\/title>\n<meta name=\"description\" content=\"Willkommen Wir bieten Ihnen vier helle Ferienwohnungen mit gehobener Ausstattung an. Drei davon befinden sich in der mittelalterlichen Stadt B\u00fcdingen.\" \/>\n<meta name=\"robots\" content=\"index, follow, max-snippet:-1, max-image-preview:large, max-video-preview:-1\" \/>\n<link rel=\"canonical\" href=\"https:\/\/ferienwohnung-in-buedingen.de\/\" \/>\n<meta property=\"og:locale\" content=\"en_US\" \/>\n<meta property=\"og:type\" content=\"article\" \/>\n<meta property=\"og:title\" content=\"Willkommen Unsere Fewos Am Schlosspark B\u00fcdingen\" \/>\n<meta property=\"og:description\" content=\"Willkommen Wir bieten Ihnen vier helle Ferienwohnungen mit gehobener Ausstattung an. Drei davon befinden sich in der mittelalterlichen Stadt B\u00fcdingen.\" \/>\n<meta property=\"og:url\" content=\"https:\/\/ferienwohnung-in-buedingen.de\/\" \/>\n<meta property=\"og:site_name\" content=\"(Deutsch) Ferienwohnungen in B\u00fcdingen\" \/>\n<meta property=\"article:modified_time\" content=\"2017-11-16T10:22:50+00:00\" \/>\n<meta property=\"og:image\" content=\"https:\/\/ferienwohnung-in-buedingen.de\/wp-content\/uploads\/2017\/05\/coffee.jpg\" \/>\n\t<meta property=\"og:image:width\" content=\"2000\" \/>\n\t<meta property=\"og:image:height\" content=\"1200\" \/>\n\t<meta property=\"og:image:type\" content=\"image\/jpeg\" \/>\n<meta name=\"twitter:card\" content=\"summary_large_image\" \/>\n<meta name=\"twitter:label1\" content=\"Est. reading time\" \/>\n\t<meta name=\"twitter:data1\" content=\"1 minute\" \/>\n<script type=\"application\/ld+json\" class=\"yoast-schema-graph\">{\"@context\":\"https:\/\/schema.org\",\"@graph\":[{\"@type\":\"WebPage\",\"@id\":\"https:\/\/ferienwohnung-in-buedingen.de\/\",\"url\":\"https:\/\/ferienwohnung-in-buedingen.de\/\",\"name\":\"Willkommen Unsere Fewos Am Schlosspark B\u00fcdingen\",\"isPartOf\":{\"@id\":\"https:\/\/ferienwohnung-in-buedingen.de\/#website\"},\"datePublished\":\"2017-05-08T10:49:49+00:00\",\"dateModified\":\"2017-11-16T10:22:50+00:00\",\"description\":\"Willkommen Wir bieten Ihnen vier helle Ferienwohnungen mit gehobener Ausstattung an. Drei davon befinden sich in der mittelalterlichen Stadt B\u00fcdingen.\",\"breadcrumb\":{\"@id\":\"https:\/\/ferienwohnung-in-buedingen.de\/#breadcrumb\"},\"inLanguage\":\"en-US\",\"potentialAction\":[{\"@type\":\"ReadAction\",\"target\":[\"https:\/\/ferienwohnung-in-buedingen.de\/\"]}]},{\"@type\":\"BreadcrumbList\",\"@id\":\"https:\/\/ferienwohnung-in-buedingen.de\/#breadcrumb\",\"itemListElement\":[{\"@type\":\"ListItem\",\"position\":1,\"name\":\"Startseite\",\"item\":\"https:\/\/ferienwohnung-in-buedingen.de\/\"},{\"@type\":\"ListItem\",\"position\":2,\"name\":\"Willkommen\"}]},{\"@type\":\"WebSite\",\"@id\":\"https:\/\/ferienwohnung-in-buedingen.de\/#website\",\"url\":\"https:\/\/ferienwohnung-in-buedingen.de\/\",\"name\":\"(Deutsch) Ferienwohnungen in B\u00fcdingen\",\"description\":\"(Deutsch) 3 Wohnungen in gehobener Ausstattung mitten in der Stadt B\u00fcdingen: Wohnen am Schlosspark und Ambiente Mediterran\",\"potentialAction\":[{\"@type\":\"SearchAction\",\"target\":{\"@type\":\"EntryPoint\",\"urlTemplate\":\"https:\/\/ferienwohnung-in-buedingen.de\/?s={search_term_string}\"},\"query-input\":\"required name=search_term_string\"}],\"inLanguage\":\"en-US\"}]}<\/script>\n<!-- \/ Yoast SEO plugin. -->","yoast_head_json":{"title":"Willkommen Unsere Fewos Am Schlosspark B\u00fcdingen","description":"Willkommen Wir bieten Ihnen vier helle Ferienwohnungen mit gehobener Ausstattung an. Drei davon befinden sich in der mittelalterlichen Stadt B\u00fcdingen.","robots":{"index":"index","follow":"follow","max-snippet":"max-snippet:-1","max-image-preview":"max-image-preview:large","max-video-preview":"max-video-preview:-1"},"canonical":"https:\/\/ferienwohnung-in-buedingen.de\/","og_locale":"en_US","og_type":"article","og_title":"Willkommen Unsere Fewos Am Schlosspark B\u00fcdingen","og_description":"Willkommen Wir bieten Ihnen vier helle Ferienwohnungen mit gehobener Ausstattung an. Drei davon befinden sich in der mittelalterlichen Stadt B\u00fcdingen.","og_url":"https:\/\/ferienwohnung-in-buedingen.de\/","og_site_name":"(Deutsch) Ferienwohnungen in B\u00fcdingen","article_modified_time":"2017-11-16T10:22:50+00:00","og_image":[{"width":2000,"height":1200,"url":"https:\/\/ferienwohnung-in-buedingen.de\/wp-content\/uploads\/2017\/05\/coffee.jpg","type":"image\/jpeg"}],"twitter_card":"summary_large_image","twitter_misc":{"Est. reading time":"1 minute"},"schema":{"@context":"https:\/\/schema.org","@graph":[{"@type":"WebPage","@id":"https:\/\/ferienwohnung-in-buedingen.de\/","url":"https:\/\/ferienwohnung-in-buedingen.de\/","name":"Willkommen Unsere Fewos Am Schlosspark B\u00fcdingen","isPartOf":{"@id":"https:\/\/ferienwohnung-in-buedingen.de\/#website"},"datePublished":"2017-05-08T10:49:49+00:00","dateModified":"2017-11-16T10:22:50+00:00","description":"Willkommen Wir bieten Ihnen vier helle Ferienwohnungen mit gehobener Ausstattung an. Drei davon befinden sich in der mittelalterlichen Stadt B\u00fcdingen.","breadcrumb":{"@id":"https:\/\/ferienwohnung-in-buedingen.de\/#breadcrumb"},"inLanguage":"en-US","potentialAction":[{"@type":"ReadAction","target":["https:\/\/ferienwohnung-in-buedingen.de\/"]}]},{"@type":"BreadcrumbList","@id":"https:\/\/ferienwohnung-in-buedingen.de\/#breadcrumb","itemListElement":[{"@type":"ListItem","position":1,"name":"Startseite","item":"https:\/\/ferienwohnung-in-buedingen.de\/"},{"@type":"ListItem","position":2,"name":"Willkommen"}]},{"@type":"WebSite","@id":"https:\/\/ferienwohnung-in-buedingen.de\/#website","url":"https:\/\/ferienwohnung-in-buedingen.de\/","name":"(Deutsch) Ferienwohnungen in B\u00fcdingen","description":"(Deutsch) 3 Wohnungen in gehobener Ausstattung mitten in der Stadt B\u00fcdingen: Wohnen am Schlosspark und Ambiente Mediterran","potentialAction":[{"@type":"SearchAction","target":{"@type":"EntryPoint","urlTemplate":"https:\/\/ferienwohnung-in-buedingen.de\/?s={search_term_string}"},"query-input":"required name=search_term_string"}],"inLanguage":"en-US"}]}},"_links":{"self":[{"href":"https:\/\/ferienwohnung-in-buedingen.de\/en\/wp-json\/wp\/v2\/pages\/10","targetHints":{"allow":["GET"]}}],"collection":[{"href":"https:\/\/ferienwohnung-in-buedingen.de\/en\/wp-json\/wp\/v2\/pages"}],"about":[{"href":"https:\/\/ferienwohnung-in-buedingen.de\/en\/wp-json\/wp\/v2\/types\/page"}],"author":[{"embeddable":true,"href":"https:\/\/ferienwohnung-in-buedingen.de\/en\/wp-json\/wp\/v2\/users\/1"}],"replies":[{"embeddable":true,"href":"https:\/\/ferienwohnung-in-buedingen.de\/en\/wp-json\/wp\/v2\/comments?post=10"}],"version-history":[{"count":29,"href":"https:\/\/ferienwohnung-in-buedingen.de\/en\/wp-json\/wp\/v2\/pages\/10\/revisions"}],"predecessor-version":[{"id":543,"href":"https:\/\/ferienwohnung-in-buedingen.de\/en\/wp-json\/wp\/v2\/pages\/10\/revisions\/543"}],"wp:featuredmedia":[{"embeddable":true,"href":"https:\/\/ferienwohnung-in-buedingen.de\/en\/wp-json\/wp\/v2\/media\/6"}],"wp:attachment":[{"href":"https:\/\/ferienwohnung-in-buedingen.de\/en\/wp-json\/wp\/v2\/media?parent=10"}],"curies":[{"name":"wp","href":"https:\/\/api.w.org\/{rel}","templated":true}]}}